{"id":3882,"date":"2021-01-07T18:29:16","date_gmt":"2021-01-07T16:29:16","guid":{"rendered":"https:\/\/www.fundacionveron.org\/?page_id=3882"},"modified":"2021-02-22T17:50:01","modified_gmt":"2021-02-22T15:50:01","slug":"club-de-contenido","status":"publish","type":"page","link":"https:\/\/www.fundacionveron.org\/en\/club-de-contenido\/","title":{"rendered":"Content Club"},"content":{"rendered":"<div class=\"wpb-content-wrapper\"><div      class=\"vc_row wpb_row section vc_row-fluid\" style=' text-align:left;'><div class=\"full_section_inner clearfix\"><div class=\"wpb_column vc_column_container vc_col-sm-6\"><div class=\"vc_column-inner\"><div class=\"wpb_wrapper\">\n\t<div class=\"wpb_text_column wpb_content_element\">\n\t\t<div class=\"wpb_wrapper\">\n\t\t\t<h2 style=\"text-align: left;\"><strong>Content Club<\/strong><\/h2>\n<p>&nbsp;<\/p>\n<p><span style=\"font-weight: 400;\">En nuestro<\/span><b> Club de Contenido<\/b><span style=\"font-weight: 400;\"> nos organizamos para llegar a personas que se sientan interesadas por las desigualdades sociales y quieran ayudarnos. Utilizando sus <\/span><b>c<\/b><b>apacidades creativas y digitales<\/b><span style=\"font-weight: 400;\"> para dar voz a los j\u00f3venes hondure\u00f1os sin recursos y\u00a0 acercar la experiencia solidaria a m\u00e1s personas, tratando de implicarlas y hacerles parte de lo que hacemos. El contenido y su calidad son claves para <\/span><b>atraer la atenci\u00f3n y la emoci\u00f3n<\/b><span style=\"font-weight: 400;\"> de las personas. Y por eso creemos en un club de gente con talento.<\/span><\/p>\n<p>&nbsp;<\/p>\n<p><span style=\"font-weight: 400;\">La <\/span><b>metodolog\u00eda es \u00e1gil, innovadora y flexible<\/b><span style=\"font-weight: 400;\"> para que cada persona pueda actuar de forma adaptada a sus tiempos y posibilidades. Dejamos libertad a la hora de crear y dejamos que cada persona siga su propio estilo para luego hacer una puesta en com\u00fan y organizaci\u00f3n de propuestas. Si quieres saber m\u00e1s, no te preocupes, \u00a1te lo explicaremos todo!<\/span><\/p>\n<p>&nbsp;<\/p>\n<p><span style=\"font-weight: 400;\">Para participar como voluntari@, ponte en contacto con nosotros en <\/span><a href=\"mailto:hola@fundacionveron.org\"><b>hola@fundacionveron.org<\/b><\/a><\/p>\n\n\t\t<\/div> \n\t<\/div> <\/div><\/div><\/div><div class=\"wpb_column vc_column_container vc_col-sm-6\"><div class=\"vc_column-inner\"><div class=\"wpb_wrapper\">\t<div class=\"vc_empty_space\"  style=\"height: 32px\" ><span\n\t\t\tclass=\"vc_empty_space_inner\">\n\t\t\t<span class=\"empty_space_image\"  ><\/span>\n\t\t<\/span><\/div>\n\n\t<div class=\"vc_empty_space\"  style=\"height: 32px\" ><span\n\t\t\tclass=\"vc_empty_space_inner\">\n\t\t\t<span class=\"empty_space_image\"  ><\/span>\n\t\t<\/span><\/div>\n\n\n\t<div class=\"wpb_single_image wpb_content_element vc_align_left\">\n\t\t<div class=\"wpb_wrapper\">\n\t\t\t\n\t\t\t<div class=\"vc_single_image-wrapper   vc_box_border_grey\"><img loading=\"lazy\" decoding=\"async\" width=\"860\" height=\"560\" src=\"https:\/\/www.fundacionveron.org\/wp-content\/uploads\/2021\/01\/club_de_contenido_fundacion_veron.png\" class=\"vc_single_image-img attachment-full\" alt=\"\" title=\"club_de_contenido_fundacion_veron\" srcset=\"https:\/\/www.fundacionveron.org\/wp-content\/uploads\/2021\/01\/club_de_contenido_fundacion_veron.png 860w, https:\/\/www.fundacionveron.org\/wp-content\/uploads\/2021\/01\/club_de_contenido_fundacion_veron-600x391.png 600w, https:\/\/www.fundacionveron.org\/wp-content\/uploads\/2021\/01\/club_de_contenido_fundacion_veron-300x195.png 300w, https:\/\/www.fundacionveron.org\/wp-content\/uploads\/2021\/01\/club_de_contenido_fundacion_veron-768x500.png 768w, https:\/\/www.fundacionveron.org\/wp-content\/uploads\/2021\/01\/club_de_contenido_fundacion_veron-400x260.png 400w, https:\/\/www.fundacionveron.org\/wp-content\/uploads\/2021\/01\/club_de_contenido_fundacion_veron-700x456.png 700w\" sizes=\"auto, (max-width: 860px) 100vw, 860px\" \/><\/div>\n\t\t<\/div>\n\t<\/div>\n<\/div><\/div><\/div><\/div><\/div><div      class=\"vc_row wpb_row section vc_row-fluid\" style=' text-align:left;'><div class=\"full_section_inner clearfix\"><div class=\"wpb_column vc_column_container vc_col-sm-12\"><div class=\"vc_column-inner\"><div class=\"wpb_wrapper\">\t<div class=\"vc_empty_space\"  style=\"height: 32px\" ><span\n\t\t\tclass=\"vc_empty_space_inner\">\n\t\t\t<span class=\"empty_space_image\"  ><\/span>\n\t\t<\/span><\/div>\n\n\t<div class=\"vc_empty_space\"  style=\"height: 32px\" ><span\n\t\t\tclass=\"vc_empty_space_inner\">\n\t\t\t<span class=\"empty_space_image\"  ><\/span>\n\t\t<\/span><\/div>\n\n<\/div><\/div><\/div><\/div><\/div><div      class=\"vc_row wpb_row section vc_row-fluid\" style=' text-align:left;'><div class=\"full_section_inner clearfix\"><div class=\"wpb_column vc_column_container vc_col-sm-4\"><div class=\"vc_column-inner\"><div class=\"wpb_wrapper\">\t<div class=\"vc_empty_space\"  style=\"height: 32px\" ><span\n\t\t\tclass=\"vc_empty_space_inner\">\n\t\t\t<span class=\"empty_space_image\"  ><\/span>\n\t\t<\/span><\/div>\n\n<\/div><\/div><\/div><div class=\"wpb_column vc_column_container vc_col-sm-4\"><div class=\"vc_column-inner\"><div class=\"wpb_wrapper\"><a  itemprop=\"url\" href=\"http:\/\/www.fundacionveron.org\/hazte-socio\/\" target=\"_self\"  class=\"qbutton  big_large center default\" style=\"\">BECOME A PARTNER<\/a><\/div><\/div><\/div><div class=\"wpb_column vc_column_container vc_col-sm-4\"><div class=\"vc_column-inner\"><div class=\"wpb_wrapper\">\t<div class=\"vc_empty_space\"  style=\"height: 32px\" ><span\n\t\t\tclass=\"vc_empty_space_inner\">\n\t\t\t<span class=\"empty_space_image\"  ><\/span>\n\t\t<\/span><\/div>\n\n<\/div><\/div><\/div><\/div><\/div><div      class=\"vc_row wpb_row section vc_row-fluid\" style=' text-align:left;'><div class=\"full_section_inner clearfix\"><div class=\"wpb_column vc_column_container vc_col-sm-12\"><div class=\"vc_column-inner\"><div class=\"wpb_wrapper\">\t<div class=\"vc_empty_space\"  style=\"height: 32px\" ><span\n\t\t\tclass=\"vc_empty_space_inner\">\n\t\t\t<span class=\"empty_space_image\"  ><\/span>\n\t\t<\/span><\/div>\n\n\t<div class=\"vc_empty_space\"  style=\"height: 32px\" ><span\n\t\t\tclass=\"vc_empty_space_inner\">\n\t\t\t<span class=\"empty_space_image\"  ><\/span>\n\t\t<\/span><\/div>\n\n\n\t<div class=\"wpb_text_column wpb_content_element\">\n\t\t<div class=\"wpb_wrapper\">\n\t\t\t<h2 style=\"text-align: left;\"><strong>Onda de Impacto<\/strong><\/h2>\n<p>&nbsp;<\/p>\n<p><span style=\"font-weight: 400;\">Este club beneficia a<\/span><b> todos los proyectos de la fundaci\u00f3n y a sus beneficiarios<\/b><span style=\"font-weight: 400;\">, gracias a la ayuda financiera que suponen los nuevos socios, as\u00ed como el crecimiento de la fundaci\u00f3n.<\/span><\/p>\n<p>&nbsp;<\/p>\n<p><b>\u00bfC\u00f3mo impacta en ti? <\/b><span style=\"font-weight: 400;\">Ventajas para los voluntarios: En este club se aprende y se participa activamente. Los creadores de contenido desarrollan una labor de la que podr\u00e1n aprender\u00a0 y les facilitar\u00e1 su inserci\u00f3n laboral gracias a la experiencia que les aporta. Adem\u00e1s, tendr\u00e1n la oportunidad de trabajar de la mano con j\u00f3venes con intereses parecidos y en un clima, \u00a1muy moderno y guay! As\u00ed como poder utilizar tu creatividad y darle valor a tus habilidades.<\/span><\/p>\n<p>&nbsp;<\/p>\n<p><b>\u00bfC\u00f3mo impacta en los beneficiarios?<\/b><span style=\"font-weight: 400;\"> Como sab\u00e9is, nos caracterizamos por la utilizaci\u00f3n total de las donaciones en proyectos. Por lo que a mayor difusi\u00f3n, m\u00e1s impactos en personas o entidades que puedan ayudar a que nuestros proyectos sigan vivos, con todo el impacto que eso genera en nuestros beneficiarios directos: m\u00e1s plazas educativas para j\u00f3venes sin recursos, m\u00e1s personal docente, m\u00e1s material\u2026\u00a1y todo gracias a ti!<\/span><\/p>\n\n\t\t<\/div> \n\t<\/div> \t<div class=\"vc_empty_space\"  style=\"height: 32px\" ><span\n\t\t\tclass=\"vc_empty_space_inner\">\n\t\t\t<span class=\"empty_space_image\"  ><\/span>\n\t\t<\/span><\/div>\n\n\t<div class=\"vc_empty_space\"  style=\"height: 32px\" ><span\n\t\t\tclass=\"vc_empty_space_inner\">\n\t\t\t<span class=\"empty_space_image\"  ><\/span>\n\t\t<\/span><\/div>\n\n<\/div><\/div><\/div><\/div><\/div><div      class=\"vc_row wpb_row section vc_row-fluid\" style=' text-align:left;'><div class=\"full_section_inner clearfix\"><div class=\"wpb_column vc_column_container vc_col-sm-2 vc_col-xs-4\"><div class=\"vc_column-inner\"><div class=\"wpb_wrapper\">\n\t<div class=\"wpb_text_column wpb_content_element\">\n\t\t<div class=\"wpb_wrapper\">\n\t\t\t<p style=\"text-align: center;\"><strong><img loading=\"lazy\" decoding=\"async\" class=\"aligncenter size-full wp-image-3708\" src=\"https:\/\/www.fundacionveron.org\/wp-content\/uploads\/2021\/01\/ODS4-Educaci\u00f3n.png\" alt=\"\" width=\"225\" height=\"225\" srcset=\"https:\/\/www.fundacionveron.org\/wp-content\/uploads\/2021\/01\/ODS4-Educaci\u00f3n.png 225w, https:\/\/www.fundacionveron.org\/wp-content\/uploads\/2021\/01\/ODS4-Educaci\u00f3n-100x100.png 100w, https:\/\/www.fundacionveron.org\/wp-content\/uploads\/2021\/01\/ODS4-Educaci\u00f3n-150x150.png 150w\" sizes=\"auto, (max-width: 225px) 100vw, 225px\" \/><\/strong><\/p>\n\n\t\t<\/div> \n\t<\/div> <\/div><\/div><\/div><div class=\"wpb_column vc_column_container vc_col-sm-2 vc_col-xs-4\"><div class=\"vc_column-inner\"><div class=\"wpb_wrapper\">\n\t<div class=\"wpb_text_column wpb_content_element\">\n\t\t<div class=\"wpb_wrapper\">\n\t\t\t<p style=\"text-align: center;\"><strong><img loading=\"lazy\" decoding=\"async\" class=\"aligncenter size-full wp-image-3718\" src=\"https:\/\/www.fundacionveron.org\/wp-content\/uploads\/2021\/01\/ODS8-Trabajo-decente-y-crecimiento-econ\u00f3mico.png\" alt=\"\" width=\"1500\" height=\"1500\" srcset=\"https:\/\/www.fundacionveron.org\/wp-content\/uploads\/2021\/01\/ODS8-Trabajo-decente-y-crecimiento-econ\u00f3mico.png 1500w, https:\/\/www.fundacionveron.org\/wp-content\/uploads\/2021\/01\/ODS8-Trabajo-decente-y-crecimiento-econ\u00f3mico-300x300.png 300w, https:\/\/www.fundacionveron.org\/wp-content\/uploads\/2021\/01\/ODS8-Trabajo-decente-y-crecimiento-econ\u00f3mico-100x100.png 100w, https:\/\/www.fundacionveron.org\/wp-content\/uploads\/2021\/01\/ODS8-Trabajo-decente-y-crecimiento-econ\u00f3mico-600x600.png 600w, https:\/\/www.fundacionveron.org\/wp-content\/uploads\/2021\/01\/ODS8-Trabajo-decente-y-crecimiento-econ\u00f3mico-150x150.png 150w, https:\/\/www.fundacionveron.org\/wp-content\/uploads\/2021\/01\/ODS8-Trabajo-decente-y-crecimiento-econ\u00f3mico-768x768.png 768w, https:\/\/www.fundacionveron.org\/wp-content\/uploads\/2021\/01\/ODS8-Trabajo-decente-y-crecimiento-econ\u00f3mico-1024x1024.png 1024w, https:\/\/www.fundacionveron.org\/wp-content\/uploads\/2021\/01\/ODS8-Trabajo-decente-y-crecimiento-econ\u00f3mico-570x570.png 570w, https:\/\/www.fundacionveron.org\/wp-content\/uploads\/2021\/01\/ODS8-Trabajo-decente-y-crecimiento-econ\u00f3mico-500x500.png 500w, https:\/\/www.fundacionveron.org\/wp-content\/uploads\/2021\/01\/ODS8-Trabajo-decente-y-crecimiento-econ\u00f3mico-1000x1000.png 1000w, https:\/\/www.fundacionveron.org\/wp-content\/uploads\/2021\/01\/ODS8-Trabajo-decente-y-crecimiento-econ\u00f3mico-700x700.png 700w\" sizes=\"auto, (max-width: 1500px) 100vw, 1500px\" \/><\/strong><\/p>\n\n\t\t<\/div> \n\t<\/div> <\/div><\/div><\/div><div class=\"wpb_column vc_column_container vc_col-sm-2 vc_col-xs-4\"><div class=\"vc_column-inner\"><div class=\"wpb_wrapper\">\n\t<div class=\"wpb_text_column wpb_content_element\">\n\t\t<div class=\"wpb_wrapper\">\n\t\t\t<p><img loading=\"lazy\" decoding=\"async\" class=\"aligncenter size-full wp-image-3723\" src=\"https:\/\/www.fundacionveron.org\/wp-content\/uploads\/2021\/01\/S-WEB-Goal-10.png\" alt=\"\" width=\"1500\" height=\"1500\" srcset=\"https:\/\/www.fundacionveron.org\/wp-content\/uploads\/2021\/01\/S-WEB-Goal-10.png 1500w, https:\/\/www.fundacionveron.org\/wp-content\/uploads\/2021\/01\/S-WEB-Goal-10-300x300.png 300w, https:\/\/www.fundacionveron.org\/wp-content\/uploads\/2021\/01\/S-WEB-Goal-10-100x100.png 100w, https:\/\/www.fundacionveron.org\/wp-content\/uploads\/2021\/01\/S-WEB-Goal-10-600x600.png 600w, https:\/\/www.fundacionveron.org\/wp-content\/uploads\/2021\/01\/S-WEB-Goal-10-150x150.png 150w, https:\/\/www.fundacionveron.org\/wp-content\/uploads\/2021\/01\/S-WEB-Goal-10-768x768.png 768w, https:\/\/www.fundacionveron.org\/wp-content\/uploads\/2021\/01\/S-WEB-Goal-10-1024x1024.png 1024w, https:\/\/www.fundacionveron.org\/wp-content\/uploads\/2021\/01\/S-WEB-Goal-10-570x570.png 570w, https:\/\/www.fundacionveron.org\/wp-content\/uploads\/2021\/01\/S-WEB-Goal-10-500x500.png 500w, https:\/\/www.fundacionveron.org\/wp-content\/uploads\/2021\/01\/S-WEB-Goal-10-1000x1000.png 1000w, https:\/\/www.fundacionveron.org\/wp-content\/uploads\/2021\/01\/S-WEB-Goal-10-700x700.png 700w\" sizes=\"auto, (max-width: 1500px) 100vw, 1500px\" \/><\/p>\n\n\t\t<\/div> \n\t<\/div> <\/div><\/div><\/div><div class=\"wpb_column vc_column_container vc_col-sm-2 vc_col-xs-4\"><div class=\"vc_column-inner\"><div class=\"wpb_wrapper\">\n\t<div class=\"wpb_text_column wpb_content_element\">\n\t\t<div class=\"wpb_wrapper\">\n\t\t\t<p><img loading=\"lazy\" decoding=\"async\" class=\"aligncenter size-full wp-image-3707\" src=\"https:\/\/www.fundacionveron.org\/wp-content\/uploads\/2021\/01\/ODS1-Fin-de-la-pobreza.png\" alt=\"\" width=\"225\" height=\"225\" srcset=\"https:\/\/www.fundacionveron.org\/wp-content\/uploads\/2021\/01\/ODS1-Fin-de-la-pobreza.png 225w, https:\/\/www.fundacionveron.org\/wp-content\/uploads\/2021\/01\/ODS1-Fin-de-la-pobreza-100x100.png 100w, https:\/\/www.fundacionveron.org\/wp-content\/uploads\/2021\/01\/ODS1-Fin-de-la-pobreza-150x150.png 150w\" sizes=\"auto, (max-width: 225px) 100vw, 225px\" \/><\/p>\n\n\t\t<\/div> \n\t<\/div> <\/div><\/div><\/div><div class=\"wpb_column vc_column_container vc_col-sm-2 vc_col-xs-4\"><div class=\"vc_column-inner\"><div class=\"wpb_wrapper\">\n\t<div class=\"wpb_text_column wpb_content_element\">\n\t\t<div class=\"wpb_wrapper\">\n\t\t\t<p><img loading=\"lazy\" decoding=\"async\" class=\"aligncenter size-full wp-image-3722\" src=\"https:\/\/www.fundacionveron.org\/wp-content\/uploads\/2021\/01\/S-WEB-Goal-17.png\" alt=\"\" width=\"1500\" height=\"1500\" srcset=\"https:\/\/www.fundacionveron.org\/wp-content\/uploads\/2021\/01\/S-WEB-Goal-17.png 1500w, https:\/\/www.fundacionveron.org\/wp-content\/uploads\/2021\/01\/S-WEB-Goal-17-300x300.png 300w, https:\/\/www.fundacionveron.org\/wp-content\/uploads\/2021\/01\/S-WEB-Goal-17-100x100.png 100w, https:\/\/www.fundacionveron.org\/wp-content\/uploads\/2021\/01\/S-WEB-Goal-17-600x600.png 600w, https:\/\/www.fundacionveron.org\/wp-content\/uploads\/2021\/01\/S-WEB-Goal-17-150x150.png 150w, https:\/\/www.fundacionveron.org\/wp-content\/uploads\/2021\/01\/S-WEB-Goal-17-768x768.png 768w, https:\/\/www.fundacionveron.org\/wp-content\/uploads\/2021\/01\/S-WEB-Goal-17-1024x1024.png 1024w, https:\/\/www.fundacionveron.org\/wp-content\/uploads\/2021\/01\/S-WEB-Goal-17-570x570.png 570w, https:\/\/www.fundacionveron.org\/wp-content\/uploads\/2021\/01\/S-WEB-Goal-17-500x500.png 500w, https:\/\/www.fundacionveron.org\/wp-content\/uploads\/2021\/01\/S-WEB-Goal-17-1000x1000.png 1000w, https:\/\/www.fundacionveron.org\/wp-content\/uploads\/2021\/01\/S-WEB-Goal-17-700x700.png 700w\" sizes=\"auto, (max-width: 1500px) 100vw, 1500px\" \/><\/p>\n\n\t\t<\/div> \n\t<\/div> <\/div><\/div><\/div><div class=\"wpb_column vc_column_container vc_col-sm-2 vc_col-xs-4\"><div class=\"vc_column-inner\"><div class=\"wpb_wrapper\"><\/div><\/div><\/div><\/div><\/div><div      class=\"vc_row wpb_row section vc_row-fluid\" style=' text-align:left;'><div class=\"full_section_inner clearfix\"><div class=\"wpb_column vc_column_container vc_col-sm-12\"><div class=\"vc_column-inner\"><div class=\"wpb_wrapper\">\t<div class=\"vc_empty_space\"  style=\"height: 32px\" ><span\n\t\t\tclass=\"vc_empty_space_inner\">\n\t\t\t<span class=\"empty_space_image\"  ><\/span>\n\t\t<\/span><\/div>\n\n\t<div class=\"vc_empty_space\"  style=\"height: 32px\" ><span\n\t\t\tclass=\"vc_empty_space_inner\">\n\t\t\t<span class=\"empty_space_image\"  ><\/span>\n\t\t<\/span><\/div>\n\n\n\t<div class=\"wpb_text_column wpb_content_element\">\n\t\t<div class=\"wpb_wrapper\">\n\t\t\t<h3><strong>Contexto: \u00bfpor qu\u00e9 este proyecto?<\/strong><\/h3>\n<p>&nbsp;<\/p>\n<p><span style=\"font-weight: 400;\">Fundaci\u00f3n V<\/span><span style=\"font-weight: 400;\">er\u00f3n se caracteriza por su <strong>transparencia<\/strong> y el car\u00e1cter <strong>voluntario<\/strong> de nuestros colaboradores, pues nuestra m\u00e1xima es que las <strong>donaciones vayan directamente a los proyectos.<\/strong><\/span><\/p>\n<p>&nbsp;<\/p>\n<p><span style=\"font-weight: 400;\">Es por ello por lo que destinamos la <strong>totalidad de las donaciones a proyectos<\/strong>, pero m\u00e1s all\u00e1 de una inversi\u00f3n actual, <strong>queremos que los proyectos vivan por mucho tiempo.<\/strong> Pues los hemos construido con fuertes cimientos, y queremos compartir la experiencia, la solidaridad y el esfuerzo con muchas m\u00e1s personas, para que nos conozcan y ayuden a expandir el impacto de nuestros proyectos en m\u00e1s comunidades rurales de Honduras.<\/span><\/p>\n<p>&nbsp;<\/p>\n<p><span style=\"font-weight: 400;\">En consecuencia, resulta esencial que para el buen funcionamiento de la fundaci\u00f3n y la captaci\u00f3n de socios, exista un equipo especializado en\u00a0 la labor de\u00a0 <strong>desarrollo y edici\u00f3n de contenido\u00a0<\/strong> para mostrar la situaci\u00f3n tan cr\u00edtica de Honduras, nuestra labor all\u00ed y lo mucho que pueden ayudarnos con sus donaciones. <strong>Personas que puedan querer hacerse socias y apoyar nuestros proyectos.<\/strong><\/span><\/p>\n<p>&nbsp;<\/p>\n<p><span style=\"font-weight: 400;\">Pues <strong>Honduras es un pa\u00eds muy desconocido<\/strong> por la mayor\u00eda, dada su <strong>complejidad y falta de campa\u00f1as de visibilizaci\u00f3n<\/strong> o de fundaciones especializadas en el pa\u00eds.<\/span><\/p>\n\n\t\t<\/div> \n\t<\/div> <\/div><\/div><\/div><\/div><\/div><div      class=\"vc_row wpb_row section vc_row-fluid\" style=' text-align:left;'><div class=\"full_section_inner clearfix\"><div class=\"wpb_column vc_column_container vc_col-sm-12\"><div class=\"vc_column-inner\"><div class=\"wpb_wrapper\">\t<div class=\"vc_empty_space\"  style=\"height: 32px\" ><span\n\t\t\tclass=\"vc_empty_space_inner\">\n\t\t\t<span class=\"empty_space_image\"  ><\/span>\n\t\t<\/span><\/div>\n\n\t<div class=\"vc_empty_space\"  style=\"height: 32px\" ><span\n\t\t\tclass=\"vc_empty_space_inner\">\n\t\t\t<span class=\"empty_space_image\"  ><\/span>\n\t\t<\/span><\/div>\n\n\t<div class=\"vc_empty_space\"  style=\"height: 32px\" ><span\n\t\t\tclass=\"vc_empty_space_inner\">\n\t\t\t<span class=\"empty_space_image\"  ><\/span>\n\t\t<\/span><\/div>\n\n<\/div><\/div><\/div><\/div><\/div><div      class=\"vc_row wpb_row section vc_row-fluid\" style=' text-align:left;'><div class=\"full_section_inner clearfix\"><div class=\"wpb_column vc_column_container vc_col-sm-4\"><div class=\"vc_column-inner\"><div class=\"wpb_wrapper\">\t<div class=\"vc_empty_space\"  style=\"height: 32px\" ><span\n\t\t\tclass=\"vc_empty_space_inner\">\n\t\t\t<span class=\"empty_space_image\"  ><\/span>\n\t\t<\/span><\/div>\n\n<a  itemprop=\"url\" href=\"http:\/\/www.fundacionveron.org\/hazte-socio\/\" target=\"_self\"  class=\"qbutton  big_large center default\" style=\"\">BECOME A PARTNER<\/a>\n\t<div class=\"wpb_text_column wpb_content_element\">\n\t\t<div class=\"wpb_wrapper\">\n\t\t\t<p>Si prefieres hacer una donaci\u00f3n puntual, no olvides enviarnos un email a hola@fundacionveron.org con NOMBRE, APELLIDOS, DNI y C\u00f3digo Postal para hacerte el certificado de donaci\u00f3n.<\/p>\n\n\t\t<\/div> \n\t<\/div> <\/div><\/div><\/div><div class=\"wpb_column vc_column_container vc_col-sm-4\"><div class=\"vc_column-inner\"><div class=\"wpb_wrapper\">\n\t<div class=\"wpb_text_column wpb_content_element\">\n\t\t<div class=\"wpb_wrapper\">\n\t\t\t<h2 style=\"text-align: center;\"><img loading=\"lazy\" decoding=\"async\" class=\"aligncenter size-full wp-image-3735\" src=\"https:\/\/www.fundacionveron.org\/wp-content\/uploads\/2021\/01\/bizum-solidario.png\" alt=\"\" width=\"232\" height=\"228\" \/><span style=\"color: #008080;\"><strong>33505<\/strong><\/span><\/h2>\n\n\t\t<\/div> \n\t<\/div> <\/div><\/div><\/div><div class=\"wpb_column vc_column_container vc_col-sm-4\"><div class=\"vc_column-inner\"><div class=\"wpb_wrapper\">\n\t<div class=\"wpb_text_column wpb_content_element\">\n\t\t<div class=\"wpb_wrapper\">\n\t\t\t<h3 style=\"text-align: center;\"><span style=\"color: #008080;\"><strong>HAZ UNA DONACI\u00d3N PUNTUAL CON TRANSFERENCIA<\/strong><\/span><\/h3>\n<h5 style=\"text-align: center;\">ES48 0128 0012 8101 0007 0185<\/h5>\n\n\t\t<\/div> \n\t<\/div> \t<div class=\"vc_empty_space\"  style=\"height: 32px\" ><span\n\t\t\tclass=\"vc_empty_space_inner\">\n\t\t\t<span class=\"empty_space_image\"  ><\/span>\n\t\t<\/span><\/div>\n\n<\/div><\/div><\/div><\/div><\/div><div      class=\"vc_row wpb_row section vc_row-fluid\" style=' text-align:left;'><div class=\"full_section_inner clearfix\"><div class=\"wpb_column vc_column_container vc_col-sm-12\"><div class=\"vc_column-inner\"><div class=\"wpb_wrapper\">\t<div class=\"vc_empty_space\"  style=\"height: 32px\" ><span\n\t\t\tclass=\"vc_empty_space_inner\">\n\t\t\t<span class=\"empty_space_image\"  ><\/span>\n\t\t<\/span><\/div>\n\n\t<div class=\"vc_empty_space\"  style=\"height: 32px\" ><span\n\t\t\tclass=\"vc_empty_space_inner\">\n\t\t\t<span class=\"empty_space_image\"  ><\/span>\n\t\t<\/span><\/div>\n\n\t<div class=\"vc_empty_space\"  style=\"height: 32px\" ><span\n\t\t\tclass=\"vc_empty_space_inner\">\n\t\t\t<span class=\"empty_space_image\"  ><\/span>\n\t\t<\/span><\/div>\n\n\t<div class=\"vc_empty_space\"  style=\"height: 32px\" ><span\n\t\t\tclass=\"vc_empty_space_inner\">\n\t\t\t<span class=\"empty_space_image\"  ><\/span>\n\t\t<\/span><\/div>\n\n<\/div><\/div><\/div><\/div><\/div><!-- \/wp:post-content --><\/div>","protected":false},"excerpt":{"rendered":"Club de contenido &nbsp; En nuestro Club de Contenido nos organizamos para llegar a personas...","protected":false},"author":8,"featured_media":0,"parent":0,"menu_order":0,"comment_status":"closed","ping_status":"closed","template":"","meta":{"_monsterinsights_skip_tracking":false,"_monsterinsights_sitenote_active":false,"_monsterinsights_sitenote_note":"","_monsterinsights_sitenote_category":0,"_price":"","_stock":"","_tribe_ticket_header":"","_tribe_default_ticket_provider":"","_ticket_start_date":"","_ticket_end_date":"","_tribe_ticket_show_description":"","_tribe_ticket_show_not_going":false,"_tribe_ticket_use_global_stock":"","_tribe_ticket_global_stock_level":"","_global_stock_mode":"","_global_stock_cap":"","_tribe_rsvp_for_event":"","_tribe_ticket_going_count":"","_tribe_ticket_not_going_count":"","_tribe_tickets_list":"[]","_tribe_ticket_has_attendee_info_fields":false,"footnotes":"","_tec_slr_enabled":"","_tec_slr_layout":""},"class_list":["post-3882","page","type-page","status-publish","hentry"],"wpcf_dashboard":"<div class=\"woocommerce\"><div class=\"woocommerce-info\">Please log in first? <a class=\"wpneoShowLogin\" href=\"#\">Click here to login<\/a><\/div><div class=\"wpneo_login_form_div\" style=\"display: none;\"><form name=\"loginform\" id=\"loginform\" action=\"https:\/\/www.fundacionveron.org\/en\/gestion\/\" method=\"post\"><p class=\"login-username\">\n\t\t\t\t<label for=\"user_login\">Username or Email Address<\/label>\n\t\t\t\t<input type=\"text\" name=\"log\" id=\"user_login\" autocomplete=\"username\" class=\"input\" value=\"\" size=\"20\" \/>\n\t\t\t<\/p><p class=\"login-password\">\n\t\t\t\t<label for=\"user_pass\">Password<\/label>\n\t\t\t\t<input type=\"password\" name=\"pwd\" id=\"user_pass\" autocomplete=\"current-password\" spellcheck=\"false\" class=\"input\" value=\"\" size=\"20\" \/>\n\t\t\t<\/p><p class=\"login-remember\"><label><input name=\"rememberme\" type=\"checkbox\" id=\"rememberme\" value=\"forever\" \/> Remember Me<\/label><\/p><p class=\"login-submit\">\n\t\t\t\t<input type=\"submit\" name=\"wp-submit\" id=\"wp-submit\" class=\"button button-primary\" value=\"Log In\" \/>\n\t\t\t\t<input type=\"hidden\" name=\"redirect_to\" value=\"https:\/\/www.fundacionveron.org\/en\/wp-json\/wp\/v2\/pages\/3882\" \/>\n\t\t\t<\/p><\/form><\/div><\/div>","ticketed":false,"_links":{"self":[{"href":"https:\/\/www.fundacionveron.org\/en\/wp-json\/wp\/v2\/pages\/3882","targetHints":{"allow":["GET"]}}],"collection":[{"href":"https:\/\/www.fundacionveron.org\/en\/wp-json\/wp\/v2\/pages"}],"about":[{"href":"https:\/\/www.fundacionveron.org\/en\/wp-json\/wp\/v2\/types\/page"}],"author":[{"embeddable":true,"href":"https:\/\/www.fundacionveron.org\/en\/wp-json\/wp\/v2\/users\/8"}],"replies":[{"embeddable":true,"href":"https:\/\/www.fundacionveron.org\/en\/wp-json\/wp\/v2\/comments?post=3882"}],"version-history":[{"count":0,"href":"https:\/\/www.fundacionveron.org\/en\/wp-json\/wp\/v2\/pages\/3882\/revisions"}],"wp:attachment":[{"href":"https:\/\/www.fundacionveron.org\/en\/wp-json\/wp\/v2\/media?parent=3882"}],"curies":[{"name":"wp","href":"https:\/\/api.w.org\/{rel}","templated":true}]}}