{"id":3863,"date":"2021-01-07T17:33:06","date_gmt":"2021-01-07T15:33:06","guid":{"rendered":"https:\/\/www.fundacionveron.org\/?page_id=3863"},"modified":"2021-02-22T17:51:19","modified_gmt":"2021-02-22T15:51:19","slug":"emergencia-huracan-eta-iota-honduras","status":"publish","type":"page","link":"https:\/\/www.fundacionveron.org\/en\/emergencia-huracan-eta-iota-honduras\/","title":{"rendered":"Emergencia clim\u00e1tica: Ayuda a los damnificados de los huracanes Eta e Iota"},"content":{"rendered":"<div class=\"wpb-content-wrapper\"><div      class=\"vc_row wpb_row section vc_row-fluid\" style=' text-align:left;'><div class=\"full_section_inner clearfix\"><div class=\"wpb_column vc_column_container vc_col-sm-6\"><div class=\"vc_column-inner\"><div class=\"wpb_wrapper\">\n\t<div class=\"wpb_text_column wpb_content_element\">\n\t\t<div class=\"wpb_wrapper\">\n\t\t\t<h2 style=\"text-align: left;\"><strong>Aid for Natural Disasters<\/strong><\/h2>\n<p>&nbsp;<\/p>\n<p><span style=\"font-weight: 400;\">El pasado mes de noviembre de 2020, los <\/span><b>huracanes Eta e Iota devastaron todo a su paso <\/b><span style=\"font-weight: 400;\">y dejaron inundadas las zonas m\u00e1s bajas del Valle de Sula, el \u00e1rea m\u00e1s afectada de Honduras. El Valle de Sula est\u00e1 compuesto por San Pedro Sula, El Progreso, La Lima y Los Campos Bananeros, tres de las cuatro zonas donde no s\u00f3lo tenemos proyectos, sino <\/span><b>donde viven las familias que atendemos<\/b><span style=\"font-weight: 400;\"> en ellos.<\/span><\/p>\n<p>&nbsp;<\/p>\n<p><span style=\"font-weight: 400;\">En noviembre y diciembre de 2020 <\/span><b>iniciamos las ayudas llevando alimentos<\/b><span style=\"font-weight: 400;\"> a los damnificados a las escuelas que se habilitaron como albergues. Las familias estaban all\u00ed con muy poco y sin el distanciamiento social recomendado para evitar contagios de COVID-19. Tambi\u00e9n activamos el proyecto <\/span><b>The Food Truck <\/b><span style=\"font-weight: 400;\">para llegar a zonas m\u00e1s alejadas donde no estaban llegando las ayudas.\u00a0<\/span><\/p>\n<p>&nbsp;<\/p>\n<p><span style=\"font-weight: 400;\">Despu\u00e9s de unas semanas, <\/span><b>cuando baj\u00f3 el agua<\/b><span style=\"font-weight: 400;\">, muchas familias pudieron limpiar sus casas y pudimos as\u00ed evaluar los da\u00f1os y las necesidades m\u00e1s imperiosas. Activamos una donaci\u00f3n para la compra de <\/span><b>enseres para ayudar a los damnificados<\/b><span style=\"font-weight: 400;\"> con b\u00e1sicos como colchones, estufas de cocina, gas para cocinar, platos, sartenes, mesas, sillas y dem\u00e1s \u00fatiles para que pudieran recuperarse de una situaci\u00f3n tan dif\u00edcil.<\/span><\/p>\n<p>&nbsp;<\/p>\n<p><b>En 2021 planteamos activar m\u00e1s ayudas en funci\u00f3n de las evaluaciones de los da\u00f1os. <\/b><span style=\"font-weight: 400;\">Actualmente no tenemos datos para concretar un presupuesto 2021 y su impacto con datos, pero os aseguramos que estaremos ah\u00ed con vuestra ayuda, <\/span><b>porque no dejamos a nadie atr\u00e1s.<\/b><\/p>\n\n\t\t<\/div> \n\t<\/div> <\/div><\/div><\/div><div class=\"wpb_column vc_column_container vc_col-sm-6\"><div class=\"vc_column-inner\"><div class=\"wpb_wrapper\">\t<div class=\"vc_empty_space\"  style=\"height: 32px\" ><span\n\t\t\tclass=\"vc_empty_space_inner\">\n\t\t\t<span class=\"empty_space_image\"  ><\/span>\n\t\t<\/span><\/div>\n\n\t<div class=\"vc_empty_space\"  style=\"height: 32px\" ><span\n\t\t\tclass=\"vc_empty_space_inner\">\n\t\t\t<span class=\"empty_space_image\"  ><\/span>\n\t\t<\/span><\/div>\n\n\n\t<div class=\"wpb_single_image wpb_content_element vc_align_left\">\n\t\t<div class=\"wpb_wrapper\">\n\t\t\t\n\t\t\t<div class=\"vc_single_image-wrapper   vc_box_border_grey\"><img loading=\"lazy\" decoding=\"async\" width=\"2560\" height=\"1440\" src=\"https:\/\/www.fundacionveron.org\/wp-content\/uploads\/2021\/01\/IMG_5597-1.jpg\" class=\"vc_single_image-img attachment-full\" alt=\"\" title=\"IMG_5597 (1)\" srcset=\"https:\/\/www.fundacionveron.org\/wp-content\/uploads\/2021\/01\/IMG_5597-1.jpg 2560w, https:\/\/www.fundacionveron.org\/wp-content\/uploads\/2021\/01\/IMG_5597-1-600x338.jpg 600w, https:\/\/www.fundacionveron.org\/wp-content\/uploads\/2021\/01\/IMG_5597-1-300x169.jpg 300w, https:\/\/www.fundacionveron.org\/wp-content\/uploads\/2021\/01\/IMG_5597-1-768x432.jpg 768w, https:\/\/www.fundacionveron.org\/wp-content\/uploads\/2021\/01\/IMG_5597-1-1024x576.jpg 1024w, https:\/\/www.fundacionveron.org\/wp-content\/uploads\/2021\/01\/IMG_5597-1-700x394.jpg 700w, https:\/\/www.fundacionveron.org\/wp-content\/uploads\/2021\/01\/IMG_5597-1-539x303.jpg 539w\" sizes=\"auto, (max-width: 2560px) 100vw, 2560px\" \/><\/div>\n\t\t<\/div>\n\t<\/div>\n<\/div><\/div><\/div><\/div><\/div><div      class=\"vc_row wpb_row section vc_row-fluid\" style=' text-align:left;'><div class=\"full_section_inner clearfix\"><div class=\"wpb_column vc_column_container vc_col-sm-12\"><div class=\"vc_column-inner\"><div class=\"wpb_wrapper\">\t<div class=\"vc_empty_space\"  style=\"height: 32px\" ><span\n\t\t\tclass=\"vc_empty_space_inner\">\n\t\t\t<span class=\"empty_space_image\"  ><\/span>\n\t\t<\/span><\/div>\n\n\t<div class=\"vc_empty_space\"  style=\"height: 32px\" ><span\n\t\t\tclass=\"vc_empty_space_inner\">\n\t\t\t<span class=\"empty_space_image\"  ><\/span>\n\t\t<\/span><\/div>\n\n<\/div><\/div><\/div><\/div><\/div><div      class=\"vc_row wpb_row section vc_row-fluid\" style=' text-align:left;'><div class=\"full_section_inner clearfix\"><div class=\"wpb_column vc_column_container vc_col-sm-4\"><div class=\"vc_column-inner\"><div class=\"wpb_wrapper\">\t<div class=\"vc_empty_space\"  style=\"height: 32px\" ><span\n\t\t\tclass=\"vc_empty_space_inner\">\n\t\t\t<span class=\"empty_space_image\"  ><\/span>\n\t\t<\/span><\/div>\n\n<\/div><\/div><\/div><div class=\"wpb_column vc_column_container vc_col-sm-4\"><div class=\"vc_column-inner\"><div class=\"wpb_wrapper\"><a  itemprop=\"url\" href=\"http:\/\/www.fundacionveron.org\/hazte-socio\/\" target=\"_self\"  class=\"qbutton  big_large center default\" style=\"\">BECOME A PARTNER<\/a><\/div><\/div><\/div><div class=\"wpb_column vc_column_container vc_col-sm-4\"><div class=\"vc_column-inner\"><div class=\"wpb_wrapper\">\t<div class=\"vc_empty_space\"  style=\"height: 32px\" ><span\n\t\t\tclass=\"vc_empty_space_inner\">\n\t\t\t<span class=\"empty_space_image\"  ><\/span>\n\t\t<\/span><\/div>\n\n<\/div><\/div><\/div><\/div><\/div><div      class=\"vc_row wpb_row section vc_row-fluid\" style=' text-align:left;'><div class=\"full_section_inner clearfix\"><div class=\"wpb_column vc_column_container vc_col-sm-4\"><div class=\"vc_column-inner\"><div class=\"wpb_wrapper\">\t<div class=\"vc_empty_space\"  style=\"height: 32px\" ><span\n\t\t\tclass=\"vc_empty_space_inner\">\n\t\t\t<span class=\"empty_space_image\"  ><\/span>\n\t\t<\/span><\/div>\n\n<\/div><\/div><\/div><div class=\"wpb_column vc_column_container vc_col-sm-4\"><div class=\"vc_column-inner\"><div class=\"wpb_wrapper\">\t<div class=\"vc_empty_space\"  style=\"height: 32px\" ><span\n\t\t\tclass=\"vc_empty_space_inner\">\n\t\t\t<span class=\"empty_space_image\"  ><\/span>\n\t\t<\/span><\/div>\n\n<\/div><\/div><\/div><div class=\"wpb_column vc_column_container vc_col-sm-4\"><div class=\"vc_column-inner\"><div class=\"wpb_wrapper\">\t<div class=\"vc_empty_space\"  style=\"height: 32px\" ><span\n\t\t\tclass=\"vc_empty_space_inner\">\n\t\t\t<span class=\"empty_space_image\"  ><\/span>\n\t\t<\/span><\/div>\n\n<\/div><\/div><\/div><\/div><\/div><div      class=\"vc_row wpb_row section vc_row-fluid\" style=' text-align:left;'><div class=\"full_section_inner clearfix\"><div class=\"wpb_column vc_column_container vc_col-sm-12\"><div class=\"vc_column-inner\"><div class=\"wpb_wrapper\">\t<div class=\"vc_empty_space\"  style=\"height: 32px\" ><span\n\t\t\tclass=\"vc_empty_space_inner\">\n\t\t\t<span class=\"empty_space_image\"  ><\/span>\n\t\t<\/span><\/div>\n\n\n\t<div class=\"wpb_text_column wpb_content_element\">\n\t\t<div class=\"wpb_wrapper\">\n\t\t\t<h2 style=\"text-align: left;\"><strong>Onda de Impacto<\/strong><\/h2>\n<p>&nbsp;<\/p>\n<p>-Las ayudas a las familias afectan positivamente el las<strong> comunidades<\/strong> donde residen.<\/p>\n<p>-Disminuci\u00f3n de formas ilegales o peligrosas de lograr los alimentos y productos de higienes, y por tanto<strong> fomento de la paz<\/strong> en las comunidades.<\/p>\n\n\t\t<\/div> \n\t<\/div> \t<div class=\"vc_empty_space\"  style=\"height: 32px\" ><span\n\t\t\tclass=\"vc_empty_space_inner\">\n\t\t\t<span class=\"empty_space_image\"  ><\/span>\n\t\t<\/span><\/div>\n\n\t<div class=\"vc_empty_space\"  style=\"height: 32px\" ><span\n\t\t\tclass=\"vc_empty_space_inner\">\n\t\t\t<span class=\"empty_space_image\"  ><\/span>\n\t\t<\/span><\/div>\n\n<\/div><\/div><\/div><\/div><\/div><div      class=\"vc_row wpb_row section vc_row-fluid\" style=' text-align:left;'><div class=\"full_section_inner clearfix\"><div class=\"wpb_column vc_column_container vc_col-sm-2 vc_col-xs-4\"><div class=\"vc_column-inner\"><div class=\"wpb_wrapper\">\n\t<div class=\"wpb_text_column wpb_content_element\">\n\t\t<div class=\"wpb_wrapper\">\n\t\t\t<p><img loading=\"lazy\" decoding=\"async\" class=\"aligncenter size-full wp-image-3706\" src=\"https:\/\/www.fundacionveron.org\/wp-content\/uploads\/2021\/01\/ODS2-Hambre-cero.png\" alt=\"\" width=\"225\" height=\"225\" srcset=\"https:\/\/www.fundacionveron.org\/wp-content\/uploads\/2021\/01\/ODS2-Hambre-cero.png 225w, https:\/\/www.fundacionveron.org\/wp-content\/uploads\/2021\/01\/ODS2-Hambre-cero-100x100.png 100w, https:\/\/www.fundacionveron.org\/wp-content\/uploads\/2021\/01\/ODS2-Hambre-cero-150x150.png 150w\" sizes=\"auto, (max-width: 225px) 100vw, 225px\" \/><\/p>\n\n\t\t<\/div> \n\t<\/div> <\/div><\/div><\/div><div class=\"wpb_column vc_column_container vc_col-sm-2 vc_col-xs-4\"><div class=\"vc_column-inner\"><div class=\"wpb_wrapper\">\n\t<div class=\"wpb_text_column wpb_content_element\">\n\t\t<div class=\"wpb_wrapper\">\n\t\t\t<p><img loading=\"lazy\" decoding=\"async\" class=\"aligncenter size-full wp-image-3725\" src=\"https:\/\/www.fundacionveron.org\/wp-content\/uploads\/2021\/01\/S-WEB-Goal-03.png\" alt=\"\" width=\"1500\" height=\"1500\" srcset=\"https:\/\/www.fundacionveron.org\/wp-content\/uploads\/2021\/01\/S-WEB-Goal-03.png 1500w, https:\/\/www.fundacionveron.org\/wp-content\/uploads\/2021\/01\/S-WEB-Goal-03-300x300.png 300w, https:\/\/www.fundacionveron.org\/wp-content\/uploads\/2021\/01\/S-WEB-Goal-03-100x100.png 100w, https:\/\/www.fundacionveron.org\/wp-content\/uploads\/2021\/01\/S-WEB-Goal-03-600x600.png 600w, https:\/\/www.fundacionveron.org\/wp-content\/uploads\/2021\/01\/S-WEB-Goal-03-150x150.png 150w, https:\/\/www.fundacionveron.org\/wp-content\/uploads\/2021\/01\/S-WEB-Goal-03-768x768.png 768w, https:\/\/www.fundacionveron.org\/wp-content\/uploads\/2021\/01\/S-WEB-Goal-03-1024x1024.png 1024w, https:\/\/www.fundacionveron.org\/wp-content\/uploads\/2021\/01\/S-WEB-Goal-03-570x570.png 570w, https:\/\/www.fundacionveron.org\/wp-content\/uploads\/2021\/01\/S-WEB-Goal-03-500x500.png 500w, https:\/\/www.fundacionveron.org\/wp-content\/uploads\/2021\/01\/S-WEB-Goal-03-1000x1000.png 1000w, https:\/\/www.fundacionveron.org\/wp-content\/uploads\/2021\/01\/S-WEB-Goal-03-700x700.png 700w\" sizes=\"auto, (max-width: 1500px) 100vw, 1500px\" \/><\/p>\n\n\t\t<\/div> \n\t<\/div> <\/div><\/div><\/div><div class=\"wpb_column vc_column_container vc_col-sm-2 vc_col-xs-4\"><div class=\"vc_column-inner\"><div class=\"wpb_wrapper\">\n\t<div class=\"wpb_text_column wpb_content_element\">\n\t\t<div class=\"wpb_wrapper\">\n\t\t\t<p><img loading=\"lazy\" decoding=\"async\" class=\"aligncenter size-full wp-image-3710\" src=\"https:\/\/www.fundacionveron.org\/wp-content\/uploads\/2021\/01\/ODS16-Paz-justicia-e-instituciones-s\u00f3lidas.png\" alt=\"\" width=\"1500\" height=\"1500\" srcset=\"https:\/\/www.fundacionveron.org\/wp-content\/uploads\/2021\/01\/ODS16-Paz-justicia-e-instituciones-s\u00f3lidas.png 1500w, https:\/\/www.fundacionveron.org\/wp-content\/uploads\/2021\/01\/ODS16-Paz-justicia-e-instituciones-s\u00f3lidas-300x300.png 300w, https:\/\/www.fundacionveron.org\/wp-content\/uploads\/2021\/01\/ODS16-Paz-justicia-e-instituciones-s\u00f3lidas-100x100.png 100w, https:\/\/www.fundacionveron.org\/wp-content\/uploads\/2021\/01\/ODS16-Paz-justicia-e-instituciones-s\u00f3lidas-600x600.png 600w, https:\/\/www.fundacionveron.org\/wp-content\/uploads\/2021\/01\/ODS16-Paz-justicia-e-instituciones-s\u00f3lidas-150x150.png 150w, https:\/\/www.fundacionveron.org\/wp-content\/uploads\/2021\/01\/ODS16-Paz-justicia-e-instituciones-s\u00f3lidas-768x768.png 768w, https:\/\/www.fundacionveron.org\/wp-content\/uploads\/2021\/01\/ODS16-Paz-justicia-e-instituciones-s\u00f3lidas-1024x1024.png 1024w, https:\/\/www.fundacionveron.org\/wp-content\/uploads\/2021\/01\/ODS16-Paz-justicia-e-instituciones-s\u00f3lidas-570x570.png 570w, https:\/\/www.fundacionveron.org\/wp-content\/uploads\/2021\/01\/ODS16-Paz-justicia-e-instituciones-s\u00f3lidas-500x500.png 500w, https:\/\/www.fundacionveron.org\/wp-content\/uploads\/2021\/01\/ODS16-Paz-justicia-e-instituciones-s\u00f3lidas-1000x1000.png 1000w, https:\/\/www.fundacionveron.org\/wp-content\/uploads\/2021\/01\/ODS16-Paz-justicia-e-instituciones-s\u00f3lidas-700x700.png 700w\" sizes=\"auto, (max-width: 1500px) 100vw, 1500px\" \/><\/p>\n\n\t\t<\/div> \n\t<\/div> <\/div><\/div><\/div><div class=\"wpb_column vc_column_container vc_col-sm-2 vc_col-xs-4\"><div class=\"vc_column-inner\"><div class=\"wpb_wrapper\">\n\t<div class=\"wpb_text_column wpb_content_element\">\n\t\t<div class=\"wpb_wrapper\">\n\t\t\t<p><img loading=\"lazy\" decoding=\"async\" class=\"aligncenter size-full wp-image-3707\" src=\"https:\/\/www.fundacionveron.org\/wp-content\/uploads\/2021\/01\/ODS1-Fin-de-la-pobreza.png\" alt=\"\" width=\"225\" height=\"225\" srcset=\"https:\/\/www.fundacionveron.org\/wp-content\/uploads\/2021\/01\/ODS1-Fin-de-la-pobreza.png 225w, https:\/\/www.fundacionveron.org\/wp-content\/uploads\/2021\/01\/ODS1-Fin-de-la-pobreza-100x100.png 100w, https:\/\/www.fundacionveron.org\/wp-content\/uploads\/2021\/01\/ODS1-Fin-de-la-pobreza-150x150.png 150w\" sizes=\"auto, (max-width: 225px) 100vw, 225px\" \/><\/p>\n\n\t\t<\/div> \n\t<\/div> <\/div><\/div><\/div><div class=\"wpb_column vc_column_container vc_col-sm-2 vc_col-xs-4\"><div class=\"vc_column-inner\"><div class=\"wpb_wrapper\">\n\t<div class=\"wpb_text_column wpb_content_element\">\n\t\t<div class=\"wpb_wrapper\">\n\t\t\t<p><img loading=\"lazy\" decoding=\"async\" class=\"aligncenter size-full wp-image-3713\" src=\"https:\/\/www.fundacionveron.org\/wp-content\/uploads\/2021\/01\/ODS13-Acci\u00f3n-por-el-clima.png\" alt=\"\" width=\"1500\" height=\"1500\" srcset=\"https:\/\/www.fundacionveron.org\/wp-content\/uploads\/2021\/01\/ODS13-Acci\u00f3n-por-el-clima.png 1500w, https:\/\/www.fundacionveron.org\/wp-content\/uploads\/2021\/01\/ODS13-Acci\u00f3n-por-el-clima-300x300.png 300w, https:\/\/www.fundacionveron.org\/wp-content\/uploads\/2021\/01\/ODS13-Acci\u00f3n-por-el-clima-100x100.png 100w, https:\/\/www.fundacionveron.org\/wp-content\/uploads\/2021\/01\/ODS13-Acci\u00f3n-por-el-clima-600x600.png 600w, https:\/\/www.fundacionveron.org\/wp-content\/uploads\/2021\/01\/ODS13-Acci\u00f3n-por-el-clima-150x150.png 150w, https:\/\/www.fundacionveron.org\/wp-content\/uploads\/2021\/01\/ODS13-Acci\u00f3n-por-el-clima-768x768.png 768w, https:\/\/www.fundacionveron.org\/wp-content\/uploads\/2021\/01\/ODS13-Acci\u00f3n-por-el-clima-1024x1024.png 1024w, https:\/\/www.fundacionveron.org\/wp-content\/uploads\/2021\/01\/ODS13-Acci\u00f3n-por-el-clima-570x570.png 570w, https:\/\/www.fundacionveron.org\/wp-content\/uploads\/2021\/01\/ODS13-Acci\u00f3n-por-el-clima-500x500.png 500w, https:\/\/www.fundacionveron.org\/wp-content\/uploads\/2021\/01\/ODS13-Acci\u00f3n-por-el-clima-1000x1000.png 1000w, https:\/\/www.fundacionveron.org\/wp-content\/uploads\/2021\/01\/ODS13-Acci\u00f3n-por-el-clima-700x700.png 700w\" sizes=\"auto, (max-width: 1500px) 100vw, 1500px\" \/><\/p>\n\n\t\t<\/div> \n\t<\/div> <\/div><\/div><\/div><div class=\"wpb_column vc_column_container vc_col-sm-2 vc_col-xs-4\"><div class=\"vc_column-inner\"><div class=\"wpb_wrapper\"><\/div><\/div><\/div><\/div><\/div><div      class=\"vc_row wpb_row section vc_row-fluid\" style=' text-align:left;'><div class=\"full_section_inner clearfix\"><div class=\"wpb_column vc_column_container vc_col-sm-12\"><div class=\"vc_column-inner\"><div class=\"wpb_wrapper\">\t<div class=\"vc_empty_space\"  style=\"height: 32px\" ><span\n\t\t\tclass=\"vc_empty_space_inner\">\n\t\t\t<span class=\"empty_space_image\"  ><\/span>\n\t\t<\/span><\/div>\n\n\t<div class=\"vc_empty_space\"  style=\"height: 32px\" ><span\n\t\t\tclass=\"vc_empty_space_inner\">\n\t\t\t<span class=\"empty_space_image\"  ><\/span>\n\t\t<\/span><\/div>\n\n\n\t<div class=\"wpb_text_column wpb_content_element\">\n\t\t<div class=\"wpb_wrapper\">\n\t\t\t<h3><strong>Contexto: \u00bfpor qu\u00e9 este proyecto?<\/strong><\/h3>\n<p>&nbsp;<\/p>\n<p><span style=\"font-weight: 400;\">La crisis sanitaria generada por el virus <strong>COVID-19 lleg\u00f3 a Honduras a mitad de marzo 2020<\/strong>, generando el confinamiento total de escuelas y negocios de todo tipo, a excepci\u00f3n de servicios esenciales. Y aunque la Asamblea General de Naciones Unidas se exhort\u00f3 a los gobiernos a reconocer las TIC como una necesidad y no un lujo en los presupuestos gubernamentales, debido a que <strong>\u201cel bienestar social y la econom\u00eda de las sociedades, las comunidades y las personas depender\u00e1 cada vez m\u00e1s del conocimiento y uso exitoso de las TIC\u201d<\/strong> (Poh-Sze, 2002), Honduras no ha tenido \u00e9xito en los intentos de digitalizaci\u00f3n del pa\u00eds.\u00a0<\/span><\/p>\n<p>&nbsp;<\/p>\n<p><span style=\"font-weight: 400;\">En Honduras, la educaci\u00f3n online tal como la conocemos en Europa no es viable,\u00a0 por lo que los esfuerzos que hemos realizado durante el 2020 han sido tremendos. El \u00cdndice de Desarrollo de las Tecnolog\u00edas de la Informaci\u00f3n y la Comunicaci\u00f3n (IDI) evaluado por la Unidad Internacional de Telecomunicaciones (UIT), indican que Honduras ocupa la posici\u00f3n 107 de los 155 pa\u00edses en 2011. Esto implica la existencia de una considerable brecha digital, no s\u00f3lo con relaci\u00f3n a los pa\u00edses m\u00e1s desarrollados, sino tambi\u00e9n con Am\u00e9rica Latina e incluso con los dem\u00e1s pa\u00edses de la regi\u00f3n Centroamericana. (Fuente: Agenda Digital de Honduras 2014-2018 de la UNESCO)<\/span><\/p>\n<p>&nbsp;<\/p>\n<p><span style=\"font-weight: 400;\">Fundaci\u00f3n Ver\u00f3n\u00a0 crea proyectos para cambiar estas realidades, tenemos organizada para<strong> 2021\u00a0 la llegada equipos inform\u00e1ticos<\/strong> que\u00a0 ante esta crisis fueron donados a la fundaci\u00f3n, con el objetivo de poder dotar de material inform\u00e1tico con el que poder trabajar a distancia como se ha hecho en el resto del mundo desarrollado.<\/span><\/p>\n<p>&nbsp;<\/p>\n<p><span style=\"font-weight: 400;\">Paralelamente a los problemas de acceso educativo, la situaci\u00f3n psicosocial en los hogares es un gran problema, pues\u00a0 la<strong> falta de acceso a productos de higiene y alimentos de las familias<\/strong> se ha reducido notablemente. <\/span><span style=\"font-weight: 400;\">Las familias se han visto, en general, incapacitadas para\u00a0 trabajar, y de las pocas que pudieron, fue recibiendo el salario en cheques y con las<strong> restricciones de movilidad no pod\u00edan materializar su salario<\/strong>. Las familias depend\u00edan tambi\u00e9n de la beca de alimentaci\u00f3n que otorgamos en la Escuela del Vidrio a los estudiantes, sab\u00edamos que eso les supondr\u00eda un gasto con el que no contaban, a lo que se sum\u00f3 la p\u00e9rdida de empleos generalizada. Es por eso que activamos <strong>nuestro primer proyecto de Ayuda Humanitaria<\/strong> para hacer entregas de provisiones de alimentaci\u00f3n e higiene a las familias que atendemos en los proyectos en Honduras.<\/span><\/p>\n\n\t\t<\/div> \n\t<\/div> <\/div><\/div><\/div><\/div><\/div><div      class=\"vc_row wpb_row section vc_row-fluid\" style=' text-align:left;'><div class=\"full_section_inner clearfix\"><div class=\"wpb_column vc_column_container vc_col-sm-12\"><div class=\"vc_column-inner\"><div class=\"wpb_wrapper\">\t<div class=\"vc_empty_space\"  style=\"height: 32px\" ><span\n\t\t\tclass=\"vc_empty_space_inner\">\n\t\t\t<span class=\"empty_space_image\"  ><\/span>\n\t\t<\/span><\/div>\n\n\t<div class=\"vc_empty_space\"  style=\"height: 32px\" ><span\n\t\t\tclass=\"vc_empty_space_inner\">\n\t\t\t<span class=\"empty_space_image\"  ><\/span>\n\t\t<\/span><\/div>\n\n\t<div class=\"vc_empty_space\"  style=\"height: 32px\" ><span\n\t\t\tclass=\"vc_empty_space_inner\">\n\t\t\t<span class=\"empty_space_image\"  ><\/span>\n\t\t<\/span><\/div>\n\n<\/div><\/div><\/div><\/div><\/div><div      class=\"vc_row wpb_row section vc_row-fluid\" style=' text-align:left;'><div class=\"full_section_inner clearfix\"><div class=\"wpb_column vc_column_container vc_col-sm-4\"><div class=\"vc_column-inner\"><div class=\"wpb_wrapper\">\t<div class=\"vc_empty_space\"  style=\"height: 32px\" ><span\n\t\t\tclass=\"vc_empty_space_inner\">\n\t\t\t<span class=\"empty_space_image\"  ><\/span>\n\t\t<\/span><\/div>\n\n<a  itemprop=\"url\" href=\"http:\/\/www.fundacionveron.org\/hazte-socio\/\" target=\"_self\"  class=\"qbutton  big_large center default\" style=\"\">BECOME A PARTNER<\/a>\n\t<div class=\"wpb_text_column wpb_content_element\">\n\t\t<div class=\"wpb_wrapper\">\n\t\t\t<p>Si prefieres hacer una donaci\u00f3n puntual, no olvides enviarnos un email a hola@fundacionveron.org con NOMBRE, APELLIDOS, DNI y C\u00f3digo Postal para hacerte el certificado de donaci\u00f3n.<\/p>\n\n\t\t<\/div> \n\t<\/div> <\/div><\/div><\/div><div class=\"wpb_column vc_column_container vc_col-sm-4\"><div class=\"vc_column-inner\"><div class=\"wpb_wrapper\">\n\t<div class=\"wpb_text_column wpb_content_element\">\n\t\t<div class=\"wpb_wrapper\">\n\t\t\t<h2 style=\"text-align: center;\"><img loading=\"lazy\" decoding=\"async\" class=\"aligncenter size-full wp-image-3735\" src=\"https:\/\/www.fundacionveron.org\/wp-content\/uploads\/2021\/01\/bizum-solidario.png\" alt=\"\" width=\"232\" height=\"228\" \/><span style=\"color: #008080;\"><strong>33505<\/strong><\/span><\/h2>\n\n\t\t<\/div> \n\t<\/div> <\/div><\/div><\/div><div class=\"wpb_column vc_column_container vc_col-sm-4\"><div class=\"vc_column-inner\"><div class=\"wpb_wrapper\">\n\t<div class=\"wpb_text_column wpb_content_element\">\n\t\t<div class=\"wpb_wrapper\">\n\t\t\t<h3 style=\"text-align: center;\"><span style=\"color: #008080;\"><strong>HAZ UNA DONACI\u00d3N PUNTUAL CON TRANSFERENCIA<\/strong><\/span><\/h3>\n<h5 style=\"text-align: center;\">ES48 0128 0012 8101 0007 0185<\/h5>\n\n\t\t<\/div> \n\t<\/div> \t<div class=\"vc_empty_space\"  style=\"height: 32px\" ><span\n\t\t\tclass=\"vc_empty_space_inner\">\n\t\t\t<span class=\"empty_space_image\"  ><\/span>\n\t\t<\/span><\/div>\n\n<\/div><\/div><\/div><\/div><\/div><div      class=\"vc_row wpb_row section vc_row-fluid\" style=' text-align:left;'><div class=\"full_section_inner clearfix\"><div class=\"wpb_column vc_column_container vc_col-sm-12\"><div class=\"vc_column-inner\"><div class=\"wpb_wrapper\">\t<div class=\"vc_empty_space\"  style=\"height: 32px\" ><span\n\t\t\tclass=\"vc_empty_space_inner\">\n\t\t\t<span class=\"empty_space_image\"  ><\/span>\n\t\t<\/span><\/div>\n\n\t<div class=\"vc_empty_space\"  style=\"height: 32px\" ><span\n\t\t\tclass=\"vc_empty_space_inner\">\n\t\t\t<span class=\"empty_space_image\"  ><\/span>\n\t\t<\/span><\/div>\n\n\t<div class=\"vc_empty_space\"  style=\"height: 32px\" ><span\n\t\t\tclass=\"vc_empty_space_inner\">\n\t\t\t<span class=\"empty_space_image\"  ><\/span>\n\t\t<\/span><\/div>\n\n\t<div class=\"vc_empty_space\"  style=\"height: 32px\" ><span\n\t\t\tclass=\"vc_empty_space_inner\">\n\t\t\t<span class=\"empty_space_image\"  ><\/span>\n\t\t<\/span><\/div>\n\n<\/div><\/div><\/div><\/div><\/div><!-- \/wp:post-content --><\/div>","protected":false},"excerpt":{"rendered":"Emergencia clim\u00e1tica: Ayuda a los damnificados por el Hurac\u00e1n ETA e Iota &nbsp; El pasado...","protected":false},"author":8,"featured_media":0,"parent":0,"menu_order":0,"comment_status":"closed","ping_status":"closed","template":"","meta":{"_monsterinsights_skip_tracking":false,"_monsterinsights_sitenote_active":false,"_monsterinsights_sitenote_note":"","_monsterinsights_sitenote_category":0,"_price":"","_stock":"","_tribe_ticket_header":"","_tribe_default_ticket_provider":"","_ticket_start_date":"","_ticket_end_date":"","_tribe_ticket_show_description":"","_tribe_ticket_show_not_going":false,"_tribe_ticket_use_global_stock":"","_tribe_ticket_global_stock_level":"","_global_stock_mode":"","_global_stock_cap":"","_tribe_rsvp_for_event":"","_tribe_ticket_going_count":"","_tribe_ticket_not_going_count":"","_tribe_tickets_list":"[]","_tribe_ticket_has_attendee_info_fields":false,"footnotes":"","_tec_slr_enabled":"","_tec_slr_layout":""},"class_list":["post-3863","page","type-page","status-publish","hentry"],"wpcf_dashboard":"<div class=\"woocommerce\"><div class=\"woocommerce-info\">Please log in first? <a class=\"wpneoShowLogin\" href=\"#\">Click here to login<\/a><\/div><div class=\"wpneo_login_form_div\" style=\"display: none;\"><form name=\"loginform\" id=\"loginform\" action=\"https:\/\/www.fundacionveron.org\/en\/gestion\/\" method=\"post\"><p class=\"login-username\">\n\t\t\t\t<label for=\"user_login\">Username or Email Address<\/label>\n\t\t\t\t<input type=\"text\" name=\"log\" id=\"user_login\" autocomplete=\"username\" class=\"input\" value=\"\" size=\"20\" \/>\n\t\t\t<\/p><p class=\"login-password\">\n\t\t\t\t<label for=\"user_pass\">Password<\/label>\n\t\t\t\t<input type=\"password\" name=\"pwd\" id=\"user_pass\" autocomplete=\"current-password\" spellcheck=\"false\" class=\"input\" value=\"\" size=\"20\" \/>\n\t\t\t<\/p><p class=\"login-remember\"><label><input name=\"rememberme\" type=\"checkbox\" id=\"rememberme\" value=\"forever\" \/> Remember Me<\/label><\/p><p class=\"login-submit\">\n\t\t\t\t<input type=\"submit\" name=\"wp-submit\" id=\"wp-submit\" class=\"button button-primary\" value=\"Log In\" \/>\n\t\t\t\t<input type=\"hidden\" name=\"redirect_to\" value=\"https:\/\/www.fundacionveron.org\/en\/wp-json\/wp\/v2\/pages\/3863\" \/>\n\t\t\t<\/p><\/form><\/div><\/div>","ticketed":false,"_links":{"self":[{"href":"https:\/\/www.fundacionveron.org\/en\/wp-json\/wp\/v2\/pages\/3863","targetHints":{"allow":["GET"]}}],"collection":[{"href":"https:\/\/www.fundacionveron.org\/en\/wp-json\/wp\/v2\/pages"}],"about":[{"href":"https:\/\/www.fundacionveron.org\/en\/wp-json\/wp\/v2\/types\/page"}],"author":[{"embeddable":true,"href":"https:\/\/www.fundacionveron.org\/en\/wp-json\/wp\/v2\/users\/8"}],"replies":[{"embeddable":true,"href":"https:\/\/www.fundacionveron.org\/en\/wp-json\/wp\/v2\/comments?post=3863"}],"version-history":[{"count":0,"href":"https:\/\/www.fundacionveron.org\/en\/wp-json\/wp\/v2\/pages\/3863\/revisions"}],"wp:attachment":[{"href":"https:\/\/www.fundacionveron.org\/en\/wp-json\/wp\/v2\/media?parent=3863"}],"curies":[{"name":"wp","href":"https:\/\/api.w.org\/{rel}","templated":true}]}}