{"id":3834,"date":"2021-01-06T19:43:19","date_gmt":"2021-01-06T17:43:19","guid":{"rendered":"https:\/\/www.fundacionveron.org\/?page_id=3834"},"modified":"2023-08-23T16:13:06","modified_gmt":"2023-08-23T14:13:06","slug":"proyecto-alumni","status":"publish","type":"page","link":"https:\/\/www.fundacionveron.org\/en\/proyecto-alumni\/","title":{"rendered":"Alumni Project"},"content":{"rendered":"<div class=\"wpb-content-wrapper\"><div      class=\"vc_row wpb_row section vc_row-fluid\" style=' text-align:left;'><div class=\"full_section_inner clearfix\"><div class=\"wpb_column vc_column_container vc_col-sm-6\"><div class=\"vc_column-inner\"><div class=\"wpb_wrapper\">\n\t<div class=\"wpb_text_column wpb_content_element\">\n\t\t<div class=\"wpb_wrapper\">\n\t\t\t<h2 style=\"text-align: left;\"><strong>Alumni Project<\/strong><\/h2>\n<p>&nbsp;<\/p>\n<p><span style=\"font-weight: 400;\">El Proyecto Alumni, o de seguimiento de exalumn@s, tiene el objetivo de <strong>mantener el contacto con los exalumno<\/strong>s de la Escuela del Vidrio y apoyarlos en su<strong> placement projects<\/strong> tras los a\u00f1os de estudio. Ya sabemos que hoy d\u00eda un trabajo no es para siempre, y mucho menos en un pa\u00eds como <strong>Honduras<\/strong>.<\/span><\/p>\n<p>&nbsp;<\/p>\n<p><span style=\"font-weight: 400;\">Es por ello por lo que se crea un proyecto de <strong>seguimiento y apoyo personalizado<\/strong> a los exalumnos de la Escuela del Vidrio para ayudarles con su futuro laboral y personal. Orient\u00e1ndoles en posibles <strong>salidas laborales o\u00a0 continuidad educativa<\/strong> con proyectos que surgen de las cooperaciones entre pa\u00edses, proyectos de otras entidades amigas o algunos propios a su disposici\u00f3n como: la Comunidad de Emprendedores, el Club de Tecnolog\u00eda, acceso a becas universitarias o microcr\u00e9ditos al desarrollo&#8230; etc.<\/span><\/p>\n<p>&nbsp;<\/p>\n<p><span style=\"font-weight: 400;\">Este Proyecto de Alumni,\u00a0 se enfoca en los j\u00f3venes que no han podido acceder a otros programas o que est\u00e1n en situaci\u00f3n de desempleo y siguen en Honduras; lo que no quiere decir que siempre nos mantengamos en contacto con todos los y las j\u00f3venes que han pasado por cualquiera de nuestros proyectos.\u00a0<\/span><\/p>\n\n\t\t<\/div> \n\t<\/div> <\/div><\/div><\/div><div class=\"wpb_column vc_column_container vc_col-sm-6\"><div class=\"vc_column-inner\"><div class=\"wpb_wrapper\">\t<div class=\"vc_empty_space\"  style=\"height: 32px\" ><span\n\t\t\tclass=\"vc_empty_space_inner\">\n\t\t\t<span class=\"empty_space_image\"  ><\/span>\n\t\t<\/span><\/div>\n\n\t<div class=\"vc_empty_space\"  style=\"height: 32px\" ><span\n\t\t\tclass=\"vc_empty_space_inner\">\n\t\t\t<span class=\"empty_space_image\"  ><\/span>\n\t\t<\/span><\/div>\n\n\n\t<div class=\"wpb_single_image wpb_content_element vc_align_left\">\n\t\t<div class=\"wpb_wrapper\">\n\t\t\t\n\t\t\t<div class=\"vc_single_image-wrapper   vc_box_border_grey\"><img loading=\"lazy\" decoding=\"async\" width=\"940\" height=\"788\" src=\"https:\/\/www.fundacionveron.org\/wp-content\/uploads\/2023\/08\/WEB-FINAL-23.jpg\" class=\"vc_single_image-img attachment-full\" alt=\"\" title=\"WEB FINAL (23)\" srcset=\"https:\/\/www.fundacionveron.org\/wp-content\/uploads\/2023\/08\/WEB-FINAL-23.jpg 940w, https:\/\/www.fundacionveron.org\/wp-content\/uploads\/2023\/08\/WEB-FINAL-23-300x251.jpg 300w, https:\/\/www.fundacionveron.org\/wp-content\/uploads\/2023\/08\/WEB-FINAL-23-768x644.jpg 768w, https:\/\/www.fundacionveron.org\/wp-content\/uploads\/2023\/08\/WEB-FINAL-23-700x587.jpg 700w, https:\/\/www.fundacionveron.org\/wp-content\/uploads\/2023\/08\/WEB-FINAL-23-600x503.jpg 600w\" sizes=\"auto, (max-width: 940px) 100vw, 940px\" \/><\/div>\n\t\t<\/div>\n\t<\/div>\n<\/div><\/div><\/div><\/div><\/div><div      class=\"vc_row wpb_row section vc_row-fluid\" style=' text-align:left;'><div class=\"full_section_inner clearfix\"><div class=\"wpb_column vc_column_container vc_col-sm-12\"><div class=\"vc_column-inner\"><div class=\"wpb_wrapper\">\t<div class=\"vc_empty_space\"  style=\"height: 32px\" ><span\n\t\t\tclass=\"vc_empty_space_inner\">\n\t\t\t<span class=\"empty_space_image\"  ><\/span>\n\t\t<\/span><\/div>\n\n\t<div class=\"vc_empty_space\"  style=\"height: 32px\" ><span\n\t\t\tclass=\"vc_empty_space_inner\">\n\t\t\t<span class=\"empty_space_image\"  ><\/span>\n\t\t<\/span><\/div>\n\n<\/div><\/div><\/div><\/div><\/div><div      class=\"vc_row wpb_row section vc_row-fluid\" style=' text-align:left;'><div class=\"full_section_inner clearfix\"><div class=\"wpb_column vc_column_container vc_col-sm-4\"><div class=\"vc_column-inner\"><div class=\"wpb_wrapper\">\t<div class=\"vc_empty_space\"  style=\"height: 32px\" ><span\n\t\t\tclass=\"vc_empty_space_inner\">\n\t\t\t<span class=\"empty_space_image\"  ><\/span>\n\t\t<\/span><\/div>\n\n<\/div><\/div><\/div><div class=\"wpb_column vc_column_container vc_col-sm-4\"><div class=\"vc_column-inner\"><div class=\"wpb_wrapper\"><a  itemprop=\"url\" href=\"http:\/\/www.fundacionveron.org\/hazte-socio\/\" target=\"_self\"  class=\"qbutton  big_large center default\" style=\"\">BECOME A PARTNER<\/a><\/div><\/div><\/div><div class=\"wpb_column vc_column_container vc_col-sm-4\"><div class=\"vc_column-inner\"><div class=\"wpb_wrapper\">\t<div class=\"vc_empty_space\"  style=\"height: 32px\" ><span\n\t\t\tclass=\"vc_empty_space_inner\">\n\t\t\t<span class=\"empty_space_image\"  ><\/span>\n\t\t<\/span><\/div>\n\n<\/div><\/div><\/div><\/div><\/div><div      class=\"vc_row wpb_row section vc_row-fluid\" style=' text-align:left;'><div class=\"full_section_inner clearfix\"><div class=\"wpb_column vc_column_container vc_col-sm-4\"><div class=\"vc_column-inner\"><div class=\"wpb_wrapper\">\t<div class=\"vc_empty_space\"  style=\"height: 32px\" ><span\n\t\t\tclass=\"vc_empty_space_inner\">\n\t\t\t<span class=\"empty_space_image\"  ><\/span>\n\t\t<\/span><\/div>\n\n\n\t<div class=\"wpb_text_column wpb_content_element\">\n\t\t<div class=\"wpb_wrapper\">\n\t\t\t<p style=\"text-align: center;\"><strong>BENEFICIARIOS DIRECTOS<\/strong><\/p>\n\n\t\t<\/div> \n\t<\/div> \n\t<div class=\"wpb_text_column wpb_content_element\">\n\t\t<div class=\"wpb_wrapper\">\n\t\t\t<h2 style=\"text-align: center;\"><strong>22<\/strong><\/h2>\n\n\t\t<\/div> \n\t<\/div> <\/div><\/div><\/div><div class=\"wpb_column vc_column_container vc_col-sm-4\"><div class=\"vc_column-inner\"><div class=\"wpb_wrapper\">\t<div class=\"vc_empty_space\"  style=\"height: 32px\" ><span\n\t\t\tclass=\"vc_empty_space_inner\">\n\t\t\t<span class=\"empty_space_image\"  ><\/span>\n\t\t<\/span><\/div>\n\n\n\t<div class=\"wpb_text_column wpb_content_element\">\n\t\t<div class=\"wpb_wrapper\">\n\t\t\t<p style=\"text-align: center;\"><strong>HORAS COLABORADAS<\/strong><\/p>\n\n\t\t<\/div> \n\t<\/div> \n\t<div class=\"wpb_text_column wpb_content_element\">\n\t\t<div class=\"wpb_wrapper\">\n\t\t\t<h2 style=\"text-align: center;\"><strong>360<\/strong><\/h2>\n\n\t\t<\/div> \n\t<\/div> <\/div><\/div><\/div><div class=\"wpb_column vc_column_container vc_col-sm-4\"><div class=\"vc_column-inner\"><div class=\"wpb_wrapper\">\t<div class=\"vc_empty_space\"  style=\"height: 32px\" ><span\n\t\t\tclass=\"vc_empty_space_inner\">\n\t\t\t<span class=\"empty_space_image\"  ><\/span>\n\t\t<\/span><\/div>\n\n\n\t<div class=\"wpb_text_column wpb_content_element\">\n\t\t<div class=\"wpb_wrapper\">\n\t\t\t<p style=\"text-align: center;\"><strong>N\u00ba DE COLABORADORES<\/strong><\/p>\n\n\t\t<\/div> \n\t<\/div> \n\t<div class=\"wpb_text_column wpb_content_element\">\n\t\t<div class=\"wpb_wrapper\">\n\t\t\t<h2 style=\"text-align: center;\"><strong>5<\/strong><\/h2>\n\n\t\t<\/div> \n\t<\/div> <\/div><\/div><\/div><\/div><\/div><div      class=\"vc_row wpb_row section vc_row-fluid\" style=' text-align:left;'><div class=\"full_section_inner clearfix\"><div class=\"wpb_column vc_column_container vc_col-sm-12\"><div class=\"vc_column-inner\"><div class=\"wpb_wrapper\">\t<div class=\"vc_empty_space\"  style=\"height: 32px\" ><span\n\t\t\tclass=\"vc_empty_space_inner\">\n\t\t\t<span class=\"empty_space_image\"  ><\/span>\n\t\t<\/span><\/div>\n\n\t<div class=\"vc_empty_space\"  style=\"height: 32px\" ><span\n\t\t\tclass=\"vc_empty_space_inner\">\n\t\t\t<span class=\"empty_space_image\"  ><\/span>\n\t\t<\/span><\/div>\n\n\n\t<div class=\"wpb_text_column wpb_content_element\">\n\t\t<div class=\"wpb_wrapper\">\n\t\t\t<h2 style=\"text-align: left;\"><strong>Onda de Impacto<\/strong><\/h2>\n<p>&nbsp;<\/p>\n<p><span style=\"font-weight: 400;\">&#8211;<\/span><b>Familias<\/b><span style=\"font-weight: 400;\"> de los j\u00f3venes tanto a nivel econ\u00f3mico como de aprendizaje de una estructura de generaci\u00f3n de ingresos.<\/span><\/p>\n<p><span style=\"font-weight: 400;\">-Las <\/span><b>empresas<\/b><span style=\"font-weight: 400;\"> tienen una forma de apoyar el desarrollo socioecon\u00f3mico y educativo de la localidad, mediante alianzas de responsabilidad social corporativa.\u00a0<\/span><\/p>\n<p><span style=\"font-weight: 400;\">&#8211;<\/span><b>Ciudad de El Progreso y Comunidades<\/b><span style=\"font-weight: 400;\">, gracias al desarrollo socioecon\u00f3mico que implica, as\u00ed como el ejercicio de la solidaridad consciente de la poblaci\u00f3n hondure\u00f1a consumiendo los productos solidarios.<\/span><\/p>\n\n\t\t<\/div> \n\t<\/div> \t<div class=\"vc_empty_space\"  style=\"height: 32px\" ><span\n\t\t\tclass=\"vc_empty_space_inner\">\n\t\t\t<span class=\"empty_space_image\"  ><\/span>\n\t\t<\/span><\/div>\n\n\t<div class=\"vc_empty_space\"  style=\"height: 32px\" ><span\n\t\t\tclass=\"vc_empty_space_inner\">\n\t\t\t<span class=\"empty_space_image\"  ><\/span>\n\t\t<\/span><\/div>\n\n<\/div><\/div><\/div><\/div><\/div><div      class=\"vc_row wpb_row section vc_row-fluid\" style=' text-align:left;'><div class=\"full_section_inner clearfix\"><div class=\"wpb_column vc_column_container vc_col-sm-2 vc_col-xs-4\"><div class=\"vc_column-inner\"><div class=\"wpb_wrapper\">\n\t<div class=\"wpb_text_column wpb_content_element\">\n\t\t<div class=\"wpb_wrapper\">\n\t\t\t<p style=\"text-align: center;\"><strong><img loading=\"lazy\" decoding=\"async\" class=\"aligncenter size-full wp-image-3708\" src=\"https:\/\/www.fundacionveron.org\/wp-content\/uploads\/2021\/01\/ODS4-Educaci\u00f3n.png\" alt=\"\" width=\"225\" height=\"225\" srcset=\"https:\/\/www.fundacionveron.org\/wp-content\/uploads\/2021\/01\/ODS4-Educaci\u00f3n.png 225w, https:\/\/www.fundacionveron.org\/wp-content\/uploads\/2021\/01\/ODS4-Educaci\u00f3n-100x100.png 100w, https:\/\/www.fundacionveron.org\/wp-content\/uploads\/2021\/01\/ODS4-Educaci\u00f3n-150x150.png 150w\" sizes=\"auto, (max-width: 225px) 100vw, 225px\" \/><\/strong><\/p>\n\n\t\t<\/div> \n\t<\/div> <\/div><\/div><\/div><div class=\"wpb_column vc_column_container vc_col-sm-2 vc_col-xs-4\"><div class=\"vc_column-inner\"><div class=\"wpb_wrapper\">\n\t<div class=\"wpb_text_column wpb_content_element\">\n\t\t<div class=\"wpb_wrapper\">\n\t\t\t<p style=\"text-align: center;\"><strong><img loading=\"lazy\" decoding=\"async\" class=\"aligncenter size-full wp-image-3718\" src=\"https:\/\/www.fundacionveron.org\/wp-content\/uploads\/2021\/01\/ODS8-Trabajo-decente-y-crecimiento-econ\u00f3mico.png\" alt=\"\" width=\"1500\" height=\"1500\" srcset=\"https:\/\/www.fundacionveron.org\/wp-content\/uploads\/2021\/01\/ODS8-Trabajo-decente-y-crecimiento-econ\u00f3mico.png 1500w, https:\/\/www.fundacionveron.org\/wp-content\/uploads\/2021\/01\/ODS8-Trabajo-decente-y-crecimiento-econ\u00f3mico-300x300.png 300w, https:\/\/www.fundacionveron.org\/wp-content\/uploads\/2021\/01\/ODS8-Trabajo-decente-y-crecimiento-econ\u00f3mico-100x100.png 100w, https:\/\/www.fundacionveron.org\/wp-content\/uploads\/2021\/01\/ODS8-Trabajo-decente-y-crecimiento-econ\u00f3mico-600x600.png 600w, https:\/\/www.fundacionveron.org\/wp-content\/uploads\/2021\/01\/ODS8-Trabajo-decente-y-crecimiento-econ\u00f3mico-150x150.png 150w, https:\/\/www.fundacionveron.org\/wp-content\/uploads\/2021\/01\/ODS8-Trabajo-decente-y-crecimiento-econ\u00f3mico-768x768.png 768w, https:\/\/www.fundacionveron.org\/wp-content\/uploads\/2021\/01\/ODS8-Trabajo-decente-y-crecimiento-econ\u00f3mico-1024x1024.png 1024w, https:\/\/www.fundacionveron.org\/wp-content\/uploads\/2021\/01\/ODS8-Trabajo-decente-y-crecimiento-econ\u00f3mico-570x570.png 570w, https:\/\/www.fundacionveron.org\/wp-content\/uploads\/2021\/01\/ODS8-Trabajo-decente-y-crecimiento-econ\u00f3mico-500x500.png 500w, https:\/\/www.fundacionveron.org\/wp-content\/uploads\/2021\/01\/ODS8-Trabajo-decente-y-crecimiento-econ\u00f3mico-1000x1000.png 1000w, https:\/\/www.fundacionveron.org\/wp-content\/uploads\/2021\/01\/ODS8-Trabajo-decente-y-crecimiento-econ\u00f3mico-700x700.png 700w\" sizes=\"auto, (max-width: 1500px) 100vw, 1500px\" \/><\/strong><\/p>\n\n\t\t<\/div> \n\t<\/div> <\/div><\/div><\/div><div class=\"wpb_column vc_column_container vc_col-sm-2 vc_col-xs-4\"><div class=\"vc_column-inner\"><div class=\"wpb_wrapper\">\n\t<div class=\"wpb_text_column wpb_content_element\">\n\t\t<div class=\"wpb_wrapper\">\n\t\t\t<p><img loading=\"lazy\" decoding=\"async\" class=\"aligncenter size-full wp-image-3723\" src=\"https:\/\/www.fundacionveron.org\/wp-content\/uploads\/2021\/01\/S-WEB-Goal-10.png\" alt=\"\" width=\"1500\" height=\"1500\" srcset=\"https:\/\/www.fundacionveron.org\/wp-content\/uploads\/2021\/01\/S-WEB-Goal-10.png 1500w, https:\/\/www.fundacionveron.org\/wp-content\/uploads\/2021\/01\/S-WEB-Goal-10-300x300.png 300w, https:\/\/www.fundacionveron.org\/wp-content\/uploads\/2021\/01\/S-WEB-Goal-10-100x100.png 100w, https:\/\/www.fundacionveron.org\/wp-content\/uploads\/2021\/01\/S-WEB-Goal-10-600x600.png 600w, https:\/\/www.fundacionveron.org\/wp-content\/uploads\/2021\/01\/S-WEB-Goal-10-150x150.png 150w, https:\/\/www.fundacionveron.org\/wp-content\/uploads\/2021\/01\/S-WEB-Goal-10-768x768.png 768w, https:\/\/www.fundacionveron.org\/wp-content\/uploads\/2021\/01\/S-WEB-Goal-10-1024x1024.png 1024w, https:\/\/www.fundacionveron.org\/wp-content\/uploads\/2021\/01\/S-WEB-Goal-10-570x570.png 570w, https:\/\/www.fundacionveron.org\/wp-content\/uploads\/2021\/01\/S-WEB-Goal-10-500x500.png 500w, https:\/\/www.fundacionveron.org\/wp-content\/uploads\/2021\/01\/S-WEB-Goal-10-1000x1000.png 1000w, https:\/\/www.fundacionveron.org\/wp-content\/uploads\/2021\/01\/S-WEB-Goal-10-700x700.png 700w\" sizes=\"auto, (max-width: 1500px) 100vw, 1500px\" \/><\/p>\n\n\t\t<\/div> \n\t<\/div> <\/div><\/div><\/div><div class=\"wpb_column vc_column_container vc_col-sm-2 vc_col-xs-4\"><div class=\"vc_column-inner\"><div class=\"wpb_wrapper\">\n\t<div class=\"wpb_text_column wpb_content_element\">\n\t\t<div class=\"wpb_wrapper\">\n\t\t\t<p><img loading=\"lazy\" decoding=\"async\" class=\"aligncenter size-full wp-image-3722\" src=\"https:\/\/www.fundacionveron.org\/wp-content\/uploads\/2021\/01\/S-WEB-Goal-17.png\" alt=\"\" width=\"1500\" height=\"1500\" srcset=\"https:\/\/www.fundacionveron.org\/wp-content\/uploads\/2021\/01\/S-WEB-Goal-17.png 1500w, https:\/\/www.fundacionveron.org\/wp-content\/uploads\/2021\/01\/S-WEB-Goal-17-300x300.png 300w, https:\/\/www.fundacionveron.org\/wp-content\/uploads\/2021\/01\/S-WEB-Goal-17-100x100.png 100w, https:\/\/www.fundacionveron.org\/wp-content\/uploads\/2021\/01\/S-WEB-Goal-17-600x600.png 600w, https:\/\/www.fundacionveron.org\/wp-content\/uploads\/2021\/01\/S-WEB-Goal-17-150x150.png 150w, https:\/\/www.fundacionveron.org\/wp-content\/uploads\/2021\/01\/S-WEB-Goal-17-768x768.png 768w, https:\/\/www.fundacionveron.org\/wp-content\/uploads\/2021\/01\/S-WEB-Goal-17-1024x1024.png 1024w, https:\/\/www.fundacionveron.org\/wp-content\/uploads\/2021\/01\/S-WEB-Goal-17-570x570.png 570w, https:\/\/www.fundacionveron.org\/wp-content\/uploads\/2021\/01\/S-WEB-Goal-17-500x500.png 500w, https:\/\/www.fundacionveron.org\/wp-content\/uploads\/2021\/01\/S-WEB-Goal-17-1000x1000.png 1000w, https:\/\/www.fundacionveron.org\/wp-content\/uploads\/2021\/01\/S-WEB-Goal-17-700x700.png 700w\" sizes=\"auto, (max-width: 1500px) 100vw, 1500px\" \/><\/p>\n\n\t\t<\/div> \n\t<\/div> <\/div><\/div><\/div><div class=\"wpb_column vc_column_container vc_col-sm-2 vc_col-xs-4\"><div class=\"vc_column-inner\"><div class=\"wpb_wrapper\">\n\t<div class=\"wpb_text_column wpb_content_element\">\n\t\t<div class=\"wpb_wrapper\">\n\t\t\t\n\t\t<\/div> \n\t<\/div> <\/div><\/div><\/div><div class=\"wpb_column vc_column_container vc_col-sm-2 vc_col-xs-4\"><div class=\"vc_column-inner\"><div class=\"wpb_wrapper\"><\/div><\/div><\/div><\/div><\/div><div      class=\"vc_row wpb_row section vc_row-fluid\" style=' text-align:left;'><div class=\"full_section_inner clearfix\"><div class=\"wpb_column vc_column_container vc_col-sm-12\"><div class=\"vc_column-inner\"><div class=\"wpb_wrapper\">\t<div class=\"vc_empty_space\"  style=\"height: 32px\" ><span\n\t\t\tclass=\"vc_empty_space_inner\">\n\t\t\t<span class=\"empty_space_image\"  ><\/span>\n\t\t<\/span><\/div>\n\n\t<div class=\"vc_empty_space\"  style=\"height: 32px\" ><span\n\t\t\tclass=\"vc_empty_space_inner\">\n\t\t\t<span class=\"empty_space_image\"  ><\/span>\n\t\t<\/span><\/div>\n\n\n\t<div class=\"wpb_text_column wpb_content_element\">\n\t\t<div class=\"wpb_wrapper\">\n\t\t\t<h3><strong>Contexto: \u00bfpor qu\u00e9 este proyecto?<\/strong><\/h3>\n<p>&nbsp;<\/p>\n<p><span style=\"font-weight: 400;\">Honduras es un pa\u00eds definido por la<strong> falta de oportunidades educativas y laborales<\/strong>, tanto por parte de las empresas, las cuales se escudan en contratos denigrantes y despidos baratos; como por parte de la oferta educativa que se ve minusvalorada por la necesidad de subsistencia de la poblaci\u00f3n,\u00a0 obligada a buscar fuentes de ingresos r\u00e1pidas para poder sobrevivir.<\/span><\/p>\n<p>&nbsp;<\/p>\n<p><span style=\"font-weight: 400;\">El 46% de la poblaci\u00f3n hondure\u00f1a (antes del covid-19 y la crisis de huracanes), que corresponde a la poblaci\u00f3n activa del pa\u00eds, se encuentra en <strong>desempleo<\/strong> y el 60% de los empleados lo hacen con <strong>ocupaci\u00f3n precaria<\/strong>. Adem\u00e1s, la <strong>escolarizaci\u00f3n<\/strong> es preocupante, pues el 13% de los hondure\u00f1os mayores de 15 a\u00f1os no sabe ni leer ni escribir (INE), dato que alcanza el 20,2% en <strong>zonas rurales<\/strong>.\u00a0<\/span><span style=\"font-weight: 400;\">\u00a0La precariedad laboral es tan extrema que las \u00faltimas <strong>contrataciones<\/strong>, seg\u00fan la Mesa Territorial de Empleo de la <strong>Ciudad de El Progreso<\/strong> en la cual participamos, no superan los 58 d\u00edas, especialmente en el caso de los Call Centers.<\/span><\/p>\n<p>&nbsp;<\/p>\n<p><span style=\"font-weight: 400;\">Todo ello hace que\u00a0 la estructura social se tambalee y resulte tan complejo conseguir un <strong>contrato estable y digno,<\/strong> por la falta de formaci\u00f3n propiciada por la prisa y la necesidad de ganancias para los ciudadanos, especialmente los j\u00f3venes. Lo que com\u00fanmente les acerca a grupos peligrosos como maras o narcos, dada su vulnerabilidad.<\/span><\/p>\n<p>&nbsp;<\/p>\n<p><span style=\"font-weight: 400;\">Es por ello por lo que generalmente encontrar empleo y, sobre todo de m\u00ednima calidad, supone un esfuerzo enorme para los pocos que han podido formarse. Como la prisa y la presi\u00f3n por conseguir ingresos es muy fuerte, los estudiantes suelen lanzarse a las primeras oportunidades que encuentran por miedo a seguir sin ingresos o no a encontrar una oferta mejor. Es aqu\u00ed donde <strong>es esencial que estos estudiantes reci\u00e9n graduados est\u00e9n tutelados y tengan un seguimiento que les ayude a encontrar un trabajo<\/strong> acorde con las capacidades que ya han desarrollado y pueden aportar, o aconsejarles una continuidad formativa.<\/span><\/p>\n\n\t\t<\/div> \n\t<\/div> <\/div><\/div><\/div><\/div><\/div><div      class=\"vc_row wpb_row section vc_row-fluid\" style=' text-align:left;'><div class=\"full_section_inner clearfix\"><div class=\"wpb_column vc_column_container vc_col-sm-12\"><div class=\"vc_column-inner\"><div class=\"wpb_wrapper\">\t<div class=\"vc_empty_space\"  style=\"height: 32px\" ><span\n\t\t\tclass=\"vc_empty_space_inner\">\n\t\t\t<span class=\"empty_space_image\"  ><\/span>\n\t\t<\/span><\/div>\n\n\t<div class=\"vc_empty_space\"  style=\"height: 32px\" ><span\n\t\t\tclass=\"vc_empty_space_inner\">\n\t\t\t<span class=\"empty_space_image\"  ><\/span>\n\t\t<\/span><\/div>\n\n\t<div class=\"vc_empty_space\"  style=\"height: 32px\" ><span\n\t\t\tclass=\"vc_empty_space_inner\">\n\t\t\t<span class=\"empty_space_image\"  ><\/span>\n\t\t<\/span><\/div>\n\n<\/div><\/div><\/div><\/div><\/div><div      class=\"vc_row wpb_row section vc_row-fluid\" style=' text-align:left;'><div class=\"full_section_inner clearfix\"><div class=\"wpb_column vc_column_container vc_col-sm-4\"><div class=\"vc_column-inner\"><div class=\"wpb_wrapper\">\t<div class=\"vc_empty_space\"  style=\"height: 32px\" ><span\n\t\t\tclass=\"vc_empty_space_inner\">\n\t\t\t<span class=\"empty_space_image\"  ><\/span>\n\t\t<\/span><\/div>\n\n<a  itemprop=\"url\" href=\"http:\/\/www.fundacionveron.org\/hazte-socio\/\" target=\"_self\"  class=\"qbutton  big_large center default\" style=\"\">BECOME A PARTNER<\/a>\n\t<div class=\"wpb_text_column wpb_content_element\">\n\t\t<div class=\"wpb_wrapper\">\n\t\t\t<p>Si prefieres hacer una donaci\u00f3n puntual, no olvides enviarnos un email a hola@fundacionveron.org con NOMBRE, APELLIDOS, DNI y C\u00f3digo Postal para hacerte el certificado de donaci\u00f3n.<\/p>\n\n\t\t<\/div> \n\t<\/div> <\/div><\/div><\/div><div class=\"wpb_column vc_column_container vc_col-sm-4\"><div class=\"vc_column-inner\"><div class=\"wpb_wrapper\">\n\t<div class=\"wpb_text_column wpb_content_element\">\n\t\t<div class=\"wpb_wrapper\">\n\t\t\t<h2 style=\"text-align: center;\"><img loading=\"lazy\" decoding=\"async\" class=\"aligncenter size-full wp-image-3735\" src=\"https:\/\/www.fundacionveron.org\/wp-content\/uploads\/2021\/01\/bizum-solidario.png\" alt=\"\" width=\"232\" height=\"228\" \/><span style=\"color: #008080;\"><strong>33505<\/strong><\/span><\/h2>\n\n\t\t<\/div> \n\t<\/div> <\/div><\/div><\/div><div class=\"wpb_column vc_column_container vc_col-sm-4\"><div class=\"vc_column-inner\"><div class=\"wpb_wrapper\">\n\t<div class=\"wpb_text_column wpb_content_element\">\n\t\t<div class=\"wpb_wrapper\">\n\t\t\t<h3 style=\"text-align: center;\"><span style=\"color: #008080;\"><strong>HAZ UNA DONACI\u00d3N PUNTUAL CON TRANSFERENCIA<\/strong><\/span><\/h3>\n<h5 style=\"text-align: center;\">ES48 0128 0012 8101 0007 0185<\/h5>\n\n\t\t<\/div> \n\t<\/div> \t<div class=\"vc_empty_space\"  style=\"height: 32px\" ><span\n\t\t\tclass=\"vc_empty_space_inner\">\n\t\t\t<span class=\"empty_space_image\"  ><\/span>\n\t\t<\/span><\/div>\n\n<\/div><\/div><\/div><\/div><\/div><div      class=\"vc_row wpb_row section vc_row-fluid\" style=' text-align:left;'><div class=\"full_section_inner clearfix\"><div class=\"wpb_column vc_column_container vc_col-sm-12\"><div class=\"vc_column-inner\"><div class=\"wpb_wrapper\">\t<div class=\"vc_empty_space\"  style=\"height: 32px\" ><span\n\t\t\tclass=\"vc_empty_space_inner\">\n\t\t\t<span class=\"empty_space_image\"  ><\/span>\n\t\t<\/span><\/div>\n\n\t<div class=\"vc_empty_space\"  style=\"height: 32px\" ><span\n\t\t\tclass=\"vc_empty_space_inner\">\n\t\t\t<span class=\"empty_space_image\"  ><\/span>\n\t\t<\/span><\/div>\n\n\t<div class=\"vc_empty_space\"  style=\"height: 32px\" ><span\n\t\t\tclass=\"vc_empty_space_inner\">\n\t\t\t<span class=\"empty_space_image\"  ><\/span>\n\t\t<\/span><\/div>\n\n\t<div class=\"vc_empty_space\"  style=\"height: 32px\" ><span\n\t\t\tclass=\"vc_empty_space_inner\">\n\t\t\t<span class=\"empty_space_image\"  ><\/span>\n\t\t<\/span><\/div>\n\n<\/div><\/div><\/div><\/div><\/div><!-- \/wp:post-content --><\/div>","protected":false},"excerpt":{"rendered":"Proyecto Alumni &nbsp; El Proyecto Alumni, o de seguimiento de exalumn@s, tiene el objetivo de...","protected":false},"author":8,"featured_media":0,"parent":0,"menu_order":0,"comment_status":"closed","ping_status":"closed","template":"","meta":{"_monsterinsights_skip_tracking":false,"_monsterinsights_sitenote_active":false,"_monsterinsights_sitenote_note":"","_monsterinsights_sitenote_category":0,"_price":"","_stock":"","_tribe_ticket_header":"","_tribe_default_ticket_provider":"","_ticket_start_date":"","_ticket_end_date":"","_tribe_ticket_show_description":"","_tribe_ticket_show_not_going":false,"_tribe_ticket_use_global_stock":"","_tribe_ticket_global_stock_level":"","_global_stock_mode":"","_global_stock_cap":"","_tribe_rsvp_for_event":"","_tribe_ticket_going_count":"","_tribe_ticket_not_going_count":"","_tribe_tickets_list":"[]","_tribe_ticket_has_attendee_info_fields":false,"footnotes":"","_tec_slr_enabled":"","_tec_slr_layout":""},"class_list":["post-3834","page","type-page","status-publish","hentry"],"wpcf_dashboard":"<div class=\"woocommerce\"><div class=\"woocommerce-info\">Please log in first? <a class=\"wpneoShowLogin\" href=\"#\">Click here to login<\/a><\/div><div class=\"wpneo_login_form_div\" style=\"display: none;\"><form name=\"loginform\" id=\"loginform\" action=\"https:\/\/www.fundacionveron.org\/en\/gestion\/\" method=\"post\"><p class=\"login-username\">\n\t\t\t\t<label for=\"user_login\">Username or Email Address<\/label>\n\t\t\t\t<input type=\"text\" name=\"log\" id=\"user_login\" autocomplete=\"username\" class=\"input\" value=\"\" size=\"20\" \/>\n\t\t\t<\/p><p class=\"login-password\">\n\t\t\t\t<label for=\"user_pass\">Password<\/label>\n\t\t\t\t<input type=\"password\" name=\"pwd\" id=\"user_pass\" autocomplete=\"current-password\" spellcheck=\"false\" class=\"input\" value=\"\" size=\"20\" \/>\n\t\t\t<\/p><p class=\"login-remember\"><label><input name=\"rememberme\" type=\"checkbox\" id=\"rememberme\" value=\"forever\" \/> Remember Me<\/label><\/p><p class=\"login-submit\">\n\t\t\t\t<input type=\"submit\" name=\"wp-submit\" id=\"wp-submit\" class=\"button button-primary\" value=\"Log In\" \/>\n\t\t\t\t<input type=\"hidden\" name=\"redirect_to\" value=\"https:\/\/www.fundacionveron.org\/en\/wp-json\/wp\/v2\/pages\/3834\" \/>\n\t\t\t<\/p><\/form><\/div><\/div>","ticketed":false,"_links":{"self":[{"href":"https:\/\/www.fundacionveron.org\/en\/wp-json\/wp\/v2\/pages\/3834","targetHints":{"allow":["GET"]}}],"collection":[{"href":"https:\/\/www.fundacionveron.org\/en\/wp-json\/wp\/v2\/pages"}],"about":[{"href":"https:\/\/www.fundacionveron.org\/en\/wp-json\/wp\/v2\/types\/page"}],"author":[{"embeddable":true,"href":"https:\/\/www.fundacionveron.org\/en\/wp-json\/wp\/v2\/users\/8"}],"replies":[{"embeddable":true,"href":"https:\/\/www.fundacionveron.org\/en\/wp-json\/wp\/v2\/comments?post=3834"}],"version-history":[{"count":0,"href":"https:\/\/www.fundacionveron.org\/en\/wp-json\/wp\/v2\/pages\/3834\/revisions"}],"wp:attachment":[{"href":"https:\/\/www.fundacionveron.org\/en\/wp-json\/wp\/v2\/media?parent=3834"}],"curies":[{"name":"wp","href":"https:\/\/api.w.org\/{rel}","templated":true}]}}