{"id":3780,"date":"2021-01-06T15:12:20","date_gmt":"2021-01-06T13:12:20","guid":{"rendered":"https:\/\/www.fundacionveron.org\/?page_id=3780"},"modified":"2023-08-23T11:55:28","modified_gmt":"2023-08-23T09:55:28","slug":"voluntariado-educativo","status":"publish","type":"page","link":"https:\/\/www.fundacionveron.org\/en\/voluntariado-educativo\/","title":{"rendered":"Voluntariado Educativo"},"content":{"rendered":"<div class=\"wpb-content-wrapper\"><div      class=\"vc_row wpb_row section vc_row-fluid\" style=' text-align:left;'><div class=\"full_section_inner clearfix\"><div class=\"wpb_column vc_column_container vc_col-sm-6\"><div class=\"vc_column-inner\"><div class=\"wpb_wrapper\">\n\t<div class=\"wpb_text_column wpb_content_element\">\n\t\t<div class=\"wpb_wrapper\">\n\t\t\t<h2 style=\"text-align: left;\"><strong>Educational Volunteering<\/strong><\/h2>\n<p>&nbsp;<\/p>\n<p><span style=\"font-weight: 400;\">El voluntariado se basa en la colaboraci\u00f3n voluntaria de <strong>profesionales de vidrio, cocina o turismo<\/strong> que disponen de formaci\u00f3n suficiente y tiempo para poder aportar a los estudiantes de la Escuela del Vidrio y otras escuelas profesionales amigas.\u00a0<\/span><\/p>\n<p>&nbsp;<\/p>\n<p><span style=\"font-weight: 400;\">Este tipo de voluntariado, son colaboraciones que se realizan de forma puntual y adicional a la reglada educaci\u00f3n habitual en la escuela, especialmente en verano. El programa de cada a\u00f1o se dise\u00f1a <strong>en funci\u00f3n de las necesidades educativas<\/strong> que se identifican en terreno y que no se pueden lograr a nivel local. Es por esto que buscamos grandes profesionales que quieran ayudar.<\/span><\/p>\n<p>&nbsp;<\/p>\n<p><span style=\"font-weight: 400;\">Para participar como voluntari@ en Honduras, ponte en contacto con nosotros en <a href=\"mailto:hola@fundacionveron.org\" target=\"_blank\" rel=\"noopener noreferrer\"><strong>hola@fundacionveron.org<\/strong><\/a><\/span><\/p>\n\n\t\t<\/div> \n\t<\/div> <\/div><\/div><\/div><div class=\"wpb_column vc_column_container vc_col-sm-6\"><div class=\"vc_column-inner\"><div class=\"wpb_wrapper\">\t<div class=\"vc_empty_space\"  style=\"height: 32px\" ><span\n\t\t\tclass=\"vc_empty_space_inner\">\n\t\t\t<span class=\"empty_space_image\"  ><\/span>\n\t\t<\/span><\/div>\n\n\t<div class=\"vc_empty_space\"  style=\"height: 32px\" ><span\n\t\t\tclass=\"vc_empty_space_inner\">\n\t\t\t<span class=\"empty_space_image\"  ><\/span>\n\t\t<\/span><\/div>\n\n\n\t<div class=\"wpb_single_image wpb_content_element vc_align_left\">\n\t\t<div class=\"wpb_wrapper\">\n\t\t\t\n\t\t\t<div class=\"vc_single_image-wrapper   vc_box_border_grey\"><img loading=\"lazy\" decoding=\"async\" width=\"940\" height=\"788\" src=\"https:\/\/www.fundacionveron.org\/wp-content\/uploads\/2023\/08\/WEB-FINAL-7-1.jpg\" class=\"vc_single_image-img attachment-full\" alt=\"\" title=\"WEB FINAL (7)\" srcset=\"https:\/\/www.fundacionveron.org\/wp-content\/uploads\/2023\/08\/WEB-FINAL-7-1.jpg 940w, https:\/\/www.fundacionveron.org\/wp-content\/uploads\/2023\/08\/WEB-FINAL-7-1-300x251.jpg 300w, https:\/\/www.fundacionveron.org\/wp-content\/uploads\/2023\/08\/WEB-FINAL-7-1-768x644.jpg 768w, https:\/\/www.fundacionveron.org\/wp-content\/uploads\/2023\/08\/WEB-FINAL-7-1-700x587.jpg 700w, https:\/\/www.fundacionveron.org\/wp-content\/uploads\/2023\/08\/WEB-FINAL-7-1-600x503.jpg 600w\" sizes=\"auto, (max-width: 940px) 100vw, 940px\" \/><\/div>\n\t\t<\/div>\n\t<\/div>\n<\/div><\/div><\/div><\/div><\/div><div      class=\"vc_row wpb_row section vc_row-fluid\" style=' text-align:left;'><div class=\"full_section_inner clearfix\"><div class=\"wpb_column vc_column_container vc_col-sm-12\"><div class=\"vc_column-inner\"><div class=\"wpb_wrapper\">\t<div class=\"vc_empty_space\"  style=\"height: 32px\" ><span\n\t\t\tclass=\"vc_empty_space_inner\">\n\t\t\t<span class=\"empty_space_image\"  ><\/span>\n\t\t<\/span><\/div>\n\n\t<div class=\"vc_empty_space\"  style=\"height: 32px\" ><span\n\t\t\tclass=\"vc_empty_space_inner\">\n\t\t\t<span class=\"empty_space_image\"  ><\/span>\n\t\t<\/span><\/div>\n\n<\/div><\/div><\/div><\/div><\/div><div      class=\"vc_row wpb_row section vc_row-fluid\" style=' text-align:left;'><div class=\"full_section_inner clearfix\"><div class=\"wpb_column vc_column_container vc_col-sm-4\"><div class=\"vc_column-inner\"><div class=\"wpb_wrapper\">\t<div class=\"vc_empty_space\"  style=\"height: 32px\" ><span\n\t\t\tclass=\"vc_empty_space_inner\">\n\t\t\t<span class=\"empty_space_image\"  ><\/span>\n\t\t<\/span><\/div>\n\n<\/div><\/div><\/div><div class=\"wpb_column vc_column_container vc_col-sm-4\"><div class=\"vc_column-inner\"><div class=\"wpb_wrapper\"><a  itemprop=\"url\" href=\"http:\/\/www.fundacionveron.org\/hazte-socio\/\" target=\"_self\"  class=\"qbutton  big_large center default\" style=\"\">BECOME A PARTNER<\/a><\/div><\/div><\/div><div class=\"wpb_column vc_column_container vc_col-sm-4\"><div class=\"vc_column-inner\"><div class=\"wpb_wrapper\">\t<div class=\"vc_empty_space\"  style=\"height: 32px\" ><span\n\t\t\tclass=\"vc_empty_space_inner\">\n\t\t\t<span class=\"empty_space_image\"  ><\/span>\n\t\t<\/span><\/div>\n\n<\/div><\/div><\/div><\/div><\/div><div      class=\"vc_row wpb_row section vc_row-fluid\" style=' text-align:left;'><div class=\"full_section_inner clearfix\"><div class=\"wpb_column vc_column_container vc_col-sm-4\"><div class=\"vc_column-inner\"><div class=\"wpb_wrapper\">\t<div class=\"vc_empty_space\"  style=\"height: 32px\" ><span\n\t\t\tclass=\"vc_empty_space_inner\">\n\t\t\t<span class=\"empty_space_image\"  ><\/span>\n\t\t<\/span><\/div>\n\n\n\t<div class=\"wpb_text_column wpb_content_element\">\n\t\t<div class=\"wpb_wrapper\">\n\t\t\t<p style=\"text-align: center;\"><strong>PRESUPUESTO<\/strong><\/p>\n\n\t\t<\/div> \n\t<\/div> \n\t<div class=\"wpb_text_column wpb_content_element\">\n\t\t<div class=\"wpb_wrapper\">\n\t\t\t<h2 style=\"text-align: center;\"><strong>2.200\u20ac<\/strong><\/h2>\n\n\t\t<\/div> \n\t<\/div> <\/div><\/div><\/div><div class=\"wpb_column vc_column_container vc_col-sm-4\"><div class=\"vc_column-inner\"><div class=\"wpb_wrapper\">\t<div class=\"vc_empty_space\"  style=\"height: 32px\" ><span\n\t\t\tclass=\"vc_empty_space_inner\">\n\t\t\t<span class=\"empty_space_image\"  ><\/span>\n\t\t<\/span><\/div>\n\n\n\t<div class=\"wpb_text_column wpb_content_element\">\n\t\t<div class=\"wpb_wrapper\">\n\t\t\t<p style=\"text-align: center;\"><strong>BENEFICIARIOS DIRECTOS<\/strong><\/p>\n\n\t\t<\/div> \n\t<\/div> \n\t<div class=\"wpb_text_column wpb_content_element\">\n\t\t<div class=\"wpb_wrapper\">\n\t\t\t<h2 style=\"text-align: center;\"><strong>134<\/strong><\/h2>\n\n\t\t<\/div> \n\t<\/div> <\/div><\/div><\/div><div class=\"wpb_column vc_column_container vc_col-sm-4\"><div class=\"vc_column-inner\"><div class=\"wpb_wrapper\">\t<div class=\"vc_empty_space\"  style=\"height: 32px\" ><span\n\t\t\tclass=\"vc_empty_space_inner\">\n\t\t\t<span class=\"empty_space_image\"  ><\/span>\n\t\t<\/span><\/div>\n\n<\/div><\/div><\/div><\/div><\/div><div      class=\"vc_row wpb_row section vc_row-fluid\" style=' text-align:left;'><div class=\"full_section_inner clearfix\"><div class=\"wpb_column vc_column_container vc_col-sm-4\"><div class=\"vc_column-inner\"><div class=\"wpb_wrapper\">\t<div class=\"vc_empty_space\"  style=\"height: 32px\" ><span\n\t\t\tclass=\"vc_empty_space_inner\">\n\t\t\t<span class=\"empty_space_image\"  ><\/span>\n\t\t<\/span><\/div>\n\n\n\t<div class=\"wpb_text_column wpb_content_element\">\n\t\t<div class=\"wpb_wrapper\">\n\t\t\t<p style=\"text-align: center;\"><strong>N\u00ba DE VOLUNTARIOS<\/strong><\/p>\n\n\t\t<\/div> \n\t<\/div> \n\t<div class=\"wpb_text_column wpb_content_element\">\n\t\t<div class=\"wpb_wrapper\">\n\t\t\t<h2 style=\"text-align: center;\"><strong>2<\/strong><\/h2>\n\n\t\t<\/div> \n\t<\/div> <\/div><\/div><\/div><div class=\"wpb_column vc_column_container vc_col-sm-4\"><div class=\"vc_column-inner\"><div class=\"wpb_wrapper\">\t<div class=\"vc_empty_space\"  style=\"height: 32px\" ><span\n\t\t\tclass=\"vc_empty_space_inner\">\n\t\t\t<span class=\"empty_space_image\"  ><\/span>\n\t\t<\/span><\/div>\n\n<\/div><\/div><\/div><div class=\"wpb_column vc_column_container vc_col-sm-4\"><div class=\"vc_column-inner\"><div class=\"wpb_wrapper\">\t<div class=\"vc_empty_space\"  style=\"height: 32px\" ><span\n\t\t\tclass=\"vc_empty_space_inner\">\n\t\t\t<span class=\"empty_space_image\"  ><\/span>\n\t\t<\/span><\/div>\n\n<\/div><\/div><\/div><\/div><\/div><div      class=\"vc_row wpb_row section vc_row-fluid\" style=' text-align:left;'><div class=\"full_section_inner clearfix\"><div class=\"wpb_column vc_column_container vc_col-sm-12\"><div class=\"vc_column-inner\"><div class=\"wpb_wrapper\">\t<div class=\"vc_empty_space\"  style=\"height: 32px\" ><span\n\t\t\tclass=\"vc_empty_space_inner\">\n\t\t\t<span class=\"empty_space_image\"  ><\/span>\n\t\t<\/span><\/div>\n\n\t<div class=\"vc_empty_space\"  style=\"height: 32px\" ><span\n\t\t\tclass=\"vc_empty_space_inner\">\n\t\t\t<span class=\"empty_space_image\"  ><\/span>\n\t\t<\/span><\/div>\n\n\n\t<div class=\"wpb_text_column wpb_content_element\">\n\t\t<div class=\"wpb_wrapper\">\n\t\t\t<h2 style=\"text-align: left;\"><strong>Onda de Impacto<\/strong><\/h2>\n<p>&nbsp;<\/p>\n<p><b>&#8211; Los voluntarios<\/b><span style=\"font-weight: 400;\">, tambi\u00e9n son enormemente beneficiados por la experiencia personal y laboral. Pudiendo ver c\u00f3mo sus sectores son verdaderos motores de cambio en las comunidades.<\/span><\/p>\n<p>&nbsp;<\/p>\n<p><span style=\"font-weight: 400;\">&#8211; En muchas ocasiones los voluntarios realizan actividades en <\/span><b>Ciudad de El Progreso y sus comunidades<\/b><span style=\"font-weight: 400;\"> y tambi\u00e9n asisten a programas de televisi\u00f3n y radio locales, que se proyectan en todo el pa\u00eds. Esto da visibilidad a los proyectos, les otorga notoriedad y reputaci\u00f3n, haciendo obvia la necesidad de inversi\u00f3n en educaci\u00f3n e inserci\u00f3n laboral en <\/span><b>Honduras<\/b><span style=\"font-weight: 400;\">.\u00a0<\/span><\/p>\n<p>&nbsp;<\/p>\n<p><span style=\"font-weight: 400;\">&#8211; <\/span><b>Entorno socioecon\u00f3mico<\/b><span style=\"font-weight: 400;\">, por tener a j\u00f3venes preparados y responsables que mejoran la calidad de servicio de empresas o bien crean sus propios negocios.<\/span><\/p>\n\n\t\t<\/div> \n\t<\/div> \t<div class=\"vc_empty_space\"  style=\"height: 32px\" ><span\n\t\t\tclass=\"vc_empty_space_inner\">\n\t\t\t<span class=\"empty_space_image\"  ><\/span>\n\t\t<\/span><\/div>\n\n\t<div class=\"vc_empty_space\"  style=\"height: 32px\" ><span\n\t\t\tclass=\"vc_empty_space_inner\">\n\t\t\t<span class=\"empty_space_image\"  ><\/span>\n\t\t<\/span><\/div>\n\n<\/div><\/div><\/div><\/div><\/div><div      class=\"vc_row wpb_row section vc_row-fluid\" style=' text-align:left;'><div class=\"full_section_inner clearfix\"><div class=\"wpb_column vc_column_container vc_col-sm-2 vc_col-xs-4\"><div class=\"vc_column-inner\"><div class=\"wpb_wrapper\">\n\t<div class=\"wpb_text_column wpb_content_element\">\n\t\t<div class=\"wpb_wrapper\">\n\t\t\t<p style=\"text-align: center;\"><strong><img loading=\"lazy\" decoding=\"async\" class=\"aligncenter size-full wp-image-3708\" src=\"https:\/\/www.fundacionveron.org\/wp-content\/uploads\/2021\/01\/ODS4-Educaci\u00f3n.png\" alt=\"\" width=\"225\" height=\"225\" srcset=\"https:\/\/www.fundacionveron.org\/wp-content\/uploads\/2021\/01\/ODS4-Educaci\u00f3n.png 225w, https:\/\/www.fundacionveron.org\/wp-content\/uploads\/2021\/01\/ODS4-Educaci\u00f3n-100x100.png 100w, https:\/\/www.fundacionveron.org\/wp-content\/uploads\/2021\/01\/ODS4-Educaci\u00f3n-150x150.png 150w\" sizes=\"auto, (max-width: 225px) 100vw, 225px\" \/><\/strong><\/p>\n\n\t\t<\/div> \n\t<\/div> <\/div><\/div><\/div><div class=\"wpb_column vc_column_container vc_col-sm-2 vc_col-xs-4\"><div class=\"vc_column-inner\"><div class=\"wpb_wrapper\">\n\t<div class=\"wpb_text_column wpb_content_element\">\n\t\t<div class=\"wpb_wrapper\">\n\t\t\t<p style=\"text-align: center;\"><strong><img loading=\"lazy\" decoding=\"async\" class=\"aligncenter size-full wp-image-3718\" src=\"https:\/\/www.fundacionveron.org\/wp-content\/uploads\/2021\/01\/ODS8-Trabajo-decente-y-crecimiento-econ\u00f3mico.png\" alt=\"\" width=\"1500\" height=\"1500\" srcset=\"https:\/\/www.fundacionveron.org\/wp-content\/uploads\/2021\/01\/ODS8-Trabajo-decente-y-crecimiento-econ\u00f3mico.png 1500w, https:\/\/www.fundacionveron.org\/wp-content\/uploads\/2021\/01\/ODS8-Trabajo-decente-y-crecimiento-econ\u00f3mico-300x300.png 300w, https:\/\/www.fundacionveron.org\/wp-content\/uploads\/2021\/01\/ODS8-Trabajo-decente-y-crecimiento-econ\u00f3mico-100x100.png 100w, https:\/\/www.fundacionveron.org\/wp-content\/uploads\/2021\/01\/ODS8-Trabajo-decente-y-crecimiento-econ\u00f3mico-600x600.png 600w, https:\/\/www.fundacionveron.org\/wp-content\/uploads\/2021\/01\/ODS8-Trabajo-decente-y-crecimiento-econ\u00f3mico-150x150.png 150w, https:\/\/www.fundacionveron.org\/wp-content\/uploads\/2021\/01\/ODS8-Trabajo-decente-y-crecimiento-econ\u00f3mico-768x768.png 768w, https:\/\/www.fundacionveron.org\/wp-content\/uploads\/2021\/01\/ODS8-Trabajo-decente-y-crecimiento-econ\u00f3mico-1024x1024.png 1024w, https:\/\/www.fundacionveron.org\/wp-content\/uploads\/2021\/01\/ODS8-Trabajo-decente-y-crecimiento-econ\u00f3mico-570x570.png 570w, https:\/\/www.fundacionveron.org\/wp-content\/uploads\/2021\/01\/ODS8-Trabajo-decente-y-crecimiento-econ\u00f3mico-500x500.png 500w, https:\/\/www.fundacionveron.org\/wp-content\/uploads\/2021\/01\/ODS8-Trabajo-decente-y-crecimiento-econ\u00f3mico-1000x1000.png 1000w, https:\/\/www.fundacionveron.org\/wp-content\/uploads\/2021\/01\/ODS8-Trabajo-decente-y-crecimiento-econ\u00f3mico-700x700.png 700w\" sizes=\"auto, (max-width: 1500px) 100vw, 1500px\" \/><\/strong><\/p>\n\n\t\t<\/div> \n\t<\/div> <\/div><\/div><\/div><div class=\"wpb_column vc_column_container vc_col-sm-2 vc_col-xs-4\"><div class=\"vc_column-inner\"><div class=\"wpb_wrapper\">\n\t<div class=\"wpb_text_column wpb_content_element\">\n\t\t<div class=\"wpb_wrapper\">\n\t\t\t<p><img loading=\"lazy\" decoding=\"async\" class=\"aligncenter size-full wp-image-3723\" src=\"https:\/\/www.fundacionveron.org\/wp-content\/uploads\/2021\/01\/S-WEB-Goal-10.png\" alt=\"\" width=\"1500\" height=\"1500\" srcset=\"https:\/\/www.fundacionveron.org\/wp-content\/uploads\/2021\/01\/S-WEB-Goal-10.png 1500w, https:\/\/www.fundacionveron.org\/wp-content\/uploads\/2021\/01\/S-WEB-Goal-10-300x300.png 300w, https:\/\/www.fundacionveron.org\/wp-content\/uploads\/2021\/01\/S-WEB-Goal-10-100x100.png 100w, https:\/\/www.fundacionveron.org\/wp-content\/uploads\/2021\/01\/S-WEB-Goal-10-600x600.png 600w, https:\/\/www.fundacionveron.org\/wp-content\/uploads\/2021\/01\/S-WEB-Goal-10-150x150.png 150w, https:\/\/www.fundacionveron.org\/wp-content\/uploads\/2021\/01\/S-WEB-Goal-10-768x768.png 768w, https:\/\/www.fundacionveron.org\/wp-content\/uploads\/2021\/01\/S-WEB-Goal-10-1024x1024.png 1024w, https:\/\/www.fundacionveron.org\/wp-content\/uploads\/2021\/01\/S-WEB-Goal-10-570x570.png 570w, https:\/\/www.fundacionveron.org\/wp-content\/uploads\/2021\/01\/S-WEB-Goal-10-500x500.png 500w, https:\/\/www.fundacionveron.org\/wp-content\/uploads\/2021\/01\/S-WEB-Goal-10-1000x1000.png 1000w, https:\/\/www.fundacionveron.org\/wp-content\/uploads\/2021\/01\/S-WEB-Goal-10-700x700.png 700w\" sizes=\"auto, (max-width: 1500px) 100vw, 1500px\" \/><\/p>\n\n\t\t<\/div> \n\t<\/div> <\/div><\/div><\/div><div class=\"wpb_column vc_column_container vc_col-sm-2 vc_col-xs-4\"><div class=\"vc_column-inner\"><div class=\"wpb_wrapper\">\n\t<div class=\"wpb_text_column wpb_content_element\">\n\t\t<div class=\"wpb_wrapper\">\n\t\t\t<p><img loading=\"lazy\" decoding=\"async\" class=\"aligncenter size-full wp-image-3707\" src=\"https:\/\/www.fundacionveron.org\/wp-content\/uploads\/2021\/01\/ODS1-Fin-de-la-pobreza.png\" alt=\"\" width=\"225\" height=\"225\" srcset=\"https:\/\/www.fundacionveron.org\/wp-content\/uploads\/2021\/01\/ODS1-Fin-de-la-pobreza.png 225w, https:\/\/www.fundacionveron.org\/wp-content\/uploads\/2021\/01\/ODS1-Fin-de-la-pobreza-100x100.png 100w, https:\/\/www.fundacionveron.org\/wp-content\/uploads\/2021\/01\/ODS1-Fin-de-la-pobreza-150x150.png 150w\" sizes=\"auto, (max-width: 225px) 100vw, 225px\" \/><\/p>\n\n\t\t<\/div> \n\t<\/div> <\/div><\/div><\/div><div class=\"wpb_column vc_column_container vc_col-sm-2 vc_col-xs-4\"><div class=\"vc_column-inner\"><div class=\"wpb_wrapper\">\n\t<div class=\"wpb_text_column wpb_content_element\">\n\t\t<div class=\"wpb_wrapper\">\n\t\t\t<p><img loading=\"lazy\" decoding=\"async\" class=\"aligncenter size-full wp-image-3722\" src=\"https:\/\/www.fundacionveron.org\/wp-content\/uploads\/2021\/01\/S-WEB-Goal-17.png\" alt=\"\" width=\"1500\" height=\"1500\" srcset=\"https:\/\/www.fundacionveron.org\/wp-content\/uploads\/2021\/01\/S-WEB-Goal-17.png 1500w, https:\/\/www.fundacionveron.org\/wp-content\/uploads\/2021\/01\/S-WEB-Goal-17-300x300.png 300w, https:\/\/www.fundacionveron.org\/wp-content\/uploads\/2021\/01\/S-WEB-Goal-17-100x100.png 100w, https:\/\/www.fundacionveron.org\/wp-content\/uploads\/2021\/01\/S-WEB-Goal-17-600x600.png 600w, https:\/\/www.fundacionveron.org\/wp-content\/uploads\/2021\/01\/S-WEB-Goal-17-150x150.png 150w, https:\/\/www.fundacionveron.org\/wp-content\/uploads\/2021\/01\/S-WEB-Goal-17-768x768.png 768w, https:\/\/www.fundacionveron.org\/wp-content\/uploads\/2021\/01\/S-WEB-Goal-17-1024x1024.png 1024w, https:\/\/www.fundacionveron.org\/wp-content\/uploads\/2021\/01\/S-WEB-Goal-17-570x570.png 570w, https:\/\/www.fundacionveron.org\/wp-content\/uploads\/2021\/01\/S-WEB-Goal-17-500x500.png 500w, https:\/\/www.fundacionveron.org\/wp-content\/uploads\/2021\/01\/S-WEB-Goal-17-1000x1000.png 1000w, https:\/\/www.fundacionveron.org\/wp-content\/uploads\/2021\/01\/S-WEB-Goal-17-700x700.png 700w\" sizes=\"auto, (max-width: 1500px) 100vw, 1500px\" \/><\/p>\n\n\t\t<\/div> \n\t<\/div> <\/div><\/div><\/div><div class=\"wpb_column vc_column_container vc_col-sm-2 vc_col-xs-4\"><div class=\"vc_column-inner\"><div class=\"wpb_wrapper\"><\/div><\/div><\/div><\/div><\/div><div      class=\"vc_row wpb_row section vc_row-fluid\" style=' text-align:left;'><div class=\"full_section_inner clearfix\"><div class=\"wpb_column vc_column_container vc_col-sm-12\"><div class=\"vc_column-inner\"><div class=\"wpb_wrapper\">\t<div class=\"vc_empty_space\"  style=\"height: 32px\" ><span\n\t\t\tclass=\"vc_empty_space_inner\">\n\t\t\t<span class=\"empty_space_image\"  ><\/span>\n\t\t<\/span><\/div>\n\n\t<div class=\"vc_empty_space\"  style=\"height: 32px\" ><span\n\t\t\tclass=\"vc_empty_space_inner\">\n\t\t\t<span class=\"empty_space_image\"  ><\/span>\n\t\t<\/span><\/div>\n\n\n\t<div class=\"wpb_text_column wpb_content_element\">\n\t\t<div class=\"wpb_wrapper\">\n\t\t\t<h3><strong>Contexto: \u00bfpor qu\u00e9 este proyecto?<\/strong><\/h3>\n<p>&nbsp;<\/p>\n<p><span style=\"font-weight: 400;\">Para una <strong>formaci\u00f3n de calidad<\/strong>, es necesaria una\u00a0 plantilla de docentes formados y especializados en los \u00e1mbitos a impartir. <\/span><span style=\"font-weight: 400;\">Dada la baja tasa educativa y laboral del pa\u00eds, junto con la falta de tiempo para realizar actividades adicionales al trabajo como tal,\u00a0<\/span><span style=\"font-weight: 400;\">en ocasiones nos resulta complicado encontrar a personas correctamente preparadas no s\u00f3lo para impartir clases, si no que a su vez est\u00e9n dispuestas a dejar o compaginar su trabajo con la impartici\u00f3n de clases para alumnos de la Escuela de Vidrio. <\/span><span style=\"font-weight: 400;\">Es por ello por lo que Fundaci\u00f3n Ver\u00f3n organiza<strong> voluntariados educativos en terreno de profesionales<\/strong> que quieran\u00a0 ayudar a los estudiantes en su formaci\u00f3n profesional. <\/span><\/p>\n\n\t\t<\/div> \n\t<\/div> <\/div><\/div><\/div><\/div><\/div><div      class=\"vc_row wpb_row section vc_row-fluid\" style=' text-align:left;'><div class=\"full_section_inner clearfix\"><div class=\"wpb_column vc_column_container vc_col-sm-12\"><div class=\"vc_column-inner\"><div class=\"wpb_wrapper\">\t<div class=\"vc_empty_space\"  style=\"height: 32px\" ><span\n\t\t\tclass=\"vc_empty_space_inner\">\n\t\t\t<span class=\"empty_space_image\"  ><\/span>\n\t\t<\/span><\/div>\n\n\t<div class=\"vc_empty_space\"  style=\"height: 32px\" ><span\n\t\t\tclass=\"vc_empty_space_inner\">\n\t\t\t<span class=\"empty_space_image\"  ><\/span>\n\t\t<\/span><\/div>\n\n\t<div class=\"vc_empty_space\"  style=\"height: 32px\" ><span\n\t\t\tclass=\"vc_empty_space_inner\">\n\t\t\t<span class=\"empty_space_image\"  ><\/span>\n\t\t<\/span><\/div>\n\n<\/div><\/div><\/div><\/div><\/div><div      class=\"vc_row wpb_row section vc_row-fluid\" style=' text-align:left;'><div class=\"full_section_inner clearfix\"><div class=\"wpb_column vc_column_container vc_col-sm-4\"><div class=\"vc_column-inner\"><div class=\"wpb_wrapper\">\t<div class=\"vc_empty_space\"  style=\"height: 32px\" ><span\n\t\t\tclass=\"vc_empty_space_inner\">\n\t\t\t<span class=\"empty_space_image\"  ><\/span>\n\t\t<\/span><\/div>\n\n<a  itemprop=\"url\" href=\"http:\/\/www.fundacionveron.org\/hazte-socio\/\" target=\"_self\"  class=\"qbutton  big_large center default\" style=\"\">BECOME A PARTNER<\/a>\n\t<div class=\"wpb_text_column wpb_content_element\">\n\t\t<div class=\"wpb_wrapper\">\n\t\t\t<p>Si prefieres hacer una donaci\u00f3n puntual, no olvides enviarnos un email a hola@fundacionveron.org con NOMBRE, APELLIDOS, DNI y C\u00f3digo Postal para hacerte el certificado de donaci\u00f3n.<\/p>\n\n\t\t<\/div> \n\t<\/div> <\/div><\/div><\/div><div class=\"wpb_column vc_column_container vc_col-sm-4\"><div class=\"vc_column-inner\"><div class=\"wpb_wrapper\">\n\t<div class=\"wpb_text_column wpb_content_element\">\n\t\t<div class=\"wpb_wrapper\">\n\t\t\t<h2 style=\"text-align: center;\"><img loading=\"lazy\" decoding=\"async\" class=\"aligncenter size-full wp-image-3735\" src=\"https:\/\/www.fundacionveron.org\/wp-content\/uploads\/2021\/01\/bizum-solidario.png\" alt=\"\" width=\"232\" height=\"228\" \/><span style=\"color: #008080;\"><strong>33505<\/strong><\/span><\/h2>\n\n\t\t<\/div> \n\t<\/div> <\/div><\/div><\/div><div class=\"wpb_column vc_column_container vc_col-sm-4\"><div class=\"vc_column-inner\"><div class=\"wpb_wrapper\">\n\t<div class=\"wpb_text_column wpb_content_element\">\n\t\t<div class=\"wpb_wrapper\">\n\t\t\t<h3 style=\"text-align: center;\"><span style=\"color: #008080;\"><strong>HAZ UNA DONACI\u00d3N PUNTUAL CON TRANSFERENCIA<\/strong><\/span><\/h3>\n<h5 style=\"text-align: center;\">ES48 0128 0012 8101 0007 0185<\/h5>\n\n\t\t<\/div> \n\t<\/div> \t<div class=\"vc_empty_space\"  style=\"height: 32px\" ><span\n\t\t\tclass=\"vc_empty_space_inner\">\n\t\t\t<span class=\"empty_space_image\"  ><\/span>\n\t\t<\/span><\/div>\n\n<\/div><\/div><\/div><\/div><\/div><div      class=\"vc_row wpb_row section vc_row-fluid\" style=' text-align:left;'><div class=\"full_section_inner clearfix\"><div class=\"wpb_column vc_column_container vc_col-sm-12\"><div class=\"vc_column-inner\"><div class=\"wpb_wrapper\">\t<div class=\"vc_empty_space\"  style=\"height: 32px\" ><span\n\t\t\tclass=\"vc_empty_space_inner\">\n\t\t\t<span class=\"empty_space_image\"  ><\/span>\n\t\t<\/span><\/div>\n\n\t<div class=\"vc_empty_space\"  style=\"height: 32px\" ><span\n\t\t\tclass=\"vc_empty_space_inner\">\n\t\t\t<span class=\"empty_space_image\"  ><\/span>\n\t\t<\/span><\/div>\n\n\t<div class=\"vc_empty_space\"  style=\"height: 32px\" ><span\n\t\t\tclass=\"vc_empty_space_inner\">\n\t\t\t<span class=\"empty_space_image\"  ><\/span>\n\t\t<\/span><\/div>\n\n\t<div class=\"vc_empty_space\"  style=\"height: 32px\" ><span\n\t\t\tclass=\"vc_empty_space_inner\">\n\t\t\t<span class=\"empty_space_image\"  ><\/span>\n\t\t<\/span><\/div>\n\n<\/div><\/div><\/div><\/div><\/div><!-- \/wp:post-content --><\/div>","protected":false},"excerpt":{"rendered":"Voluntariado educativo &nbsp; El voluntariado se basa en la colaboraci\u00f3n voluntaria de profesionales de vidrio,...","protected":false},"author":8,"featured_media":0,"parent":0,"menu_order":0,"comment_status":"closed","ping_status":"closed","template":"","meta":{"_monsterinsights_skip_tracking":false,"_monsterinsights_sitenote_active":false,"_monsterinsights_sitenote_note":"","_monsterinsights_sitenote_category":0,"_price":"","_stock":"","_tribe_ticket_header":"","_tribe_default_ticket_provider":"","_ticket_start_date":"","_ticket_end_date":"","_tribe_ticket_show_description":"","_tribe_ticket_show_not_going":false,"_tribe_ticket_use_global_stock":"","_tribe_ticket_global_stock_level":"","_global_stock_mode":"","_global_stock_cap":"","_tribe_rsvp_for_event":"","_tribe_ticket_going_count":"","_tribe_ticket_not_going_count":"","_tribe_tickets_list":"[]","_tribe_ticket_has_attendee_info_fields":false,"footnotes":"","_tec_slr_enabled":"","_tec_slr_layout":""},"class_list":["post-3780","page","type-page","status-publish","hentry"],"wpcf_dashboard":"<div class=\"woocommerce\"><div class=\"woocommerce-info\">Please log in first? <a class=\"wpneoShowLogin\" href=\"#\">Click here to login<\/a><\/div><div class=\"wpneo_login_form_div\" style=\"display: none;\"><form name=\"loginform\" id=\"loginform\" action=\"https:\/\/www.fundacionveron.org\/en\/gestion\/\" method=\"post\"><p class=\"login-username\">\n\t\t\t\t<label for=\"user_login\">Username or Email Address<\/label>\n\t\t\t\t<input type=\"text\" name=\"log\" id=\"user_login\" autocomplete=\"username\" class=\"input\" value=\"\" size=\"20\" \/>\n\t\t\t<\/p><p class=\"login-password\">\n\t\t\t\t<label for=\"user_pass\">Password<\/label>\n\t\t\t\t<input type=\"password\" name=\"pwd\" id=\"user_pass\" autocomplete=\"current-password\" spellcheck=\"false\" class=\"input\" value=\"\" size=\"20\" \/>\n\t\t\t<\/p><p class=\"login-remember\"><label><input name=\"rememberme\" type=\"checkbox\" id=\"rememberme\" value=\"forever\" \/> Remember Me<\/label><\/p><p class=\"login-submit\">\n\t\t\t\t<input type=\"submit\" name=\"wp-submit\" id=\"wp-submit\" class=\"button button-primary\" value=\"Log In\" \/>\n\t\t\t\t<input type=\"hidden\" name=\"redirect_to\" value=\"https:\/\/www.fundacionveron.org\/en\/wp-json\/wp\/v2\/pages\/3780\" \/>\n\t\t\t<\/p><\/form><\/div><\/div>","ticketed":false,"_links":{"self":[{"href":"https:\/\/www.fundacionveron.org\/en\/wp-json\/wp\/v2\/pages\/3780","targetHints":{"allow":["GET"]}}],"collection":[{"href":"https:\/\/www.fundacionveron.org\/en\/wp-json\/wp\/v2\/pages"}],"about":[{"href":"https:\/\/www.fundacionveron.org\/en\/wp-json\/wp\/v2\/types\/page"}],"author":[{"embeddable":true,"href":"https:\/\/www.fundacionveron.org\/en\/wp-json\/wp\/v2\/users\/8"}],"replies":[{"embeddable":true,"href":"https:\/\/www.fundacionveron.org\/en\/wp-json\/wp\/v2\/comments?post=3780"}],"version-history":[{"count":0,"href":"https:\/\/www.fundacionveron.org\/en\/wp-json\/wp\/v2\/pages\/3780\/revisions"}],"wp:attachment":[{"href":"https:\/\/www.fundacionveron.org\/en\/wp-json\/wp\/v2\/media?parent=3780"}],"curies":[{"name":"wp","href":"https:\/\/api.w.org\/{rel}","templated":true}]}}