{"id":2768,"date":"2019-12-17T17:02:52","date_gmt":"2019-12-17T15:02:52","guid":{"rendered":"https:\/\/www.fundacionveron.org\/?page_id=2768"},"modified":"2024-08-02T11:19:01","modified_gmt":"2024-08-02T09:19:01","slug":"comunicacion-e-incidencia","status":"publish","type":"page","link":"https:\/\/www.fundacionveron.org\/en\/comunicacion-e-incidencia\/","title":{"rendered":"Comunicaci\u00f3n e incidencia"},"content":{"rendered":"<div class=\"wpb-content-wrapper\"><div class=\"vc_row wpb_row section vc_row-fluid\" style=' text-align:left;'><div class=\"full_section_inner clearfix\"><div class=\"wpb_column vc_column_container vc_col-sm-12\"><div class=\"vc_column-inner\"><div class=\"wpb_wrapper\">\n\t<div class=\"wpb_text_column wpb_content_element\">\n\t\t<div class=\"wpb_wrapper\">\n\t\t\t<h1 style=\"text-align: center; font-size: 40px;\">Communication<\/h1>\n\n\t\t<\/div> \n\t<\/div> \t<div class=\"vc_empty_space\"  style=\"height: 64px\" ><span\n\t\t\tclass=\"vc_empty_space_inner\">\n\t\t\t<span class=\"empty_space_image\"  ><\/span>\n\t\t<\/span><\/div>\n\n<\/div><\/div><\/div><\/div><\/div><div      class=\"vc_row wpb_row section vc_row-fluid\" style=' text-align:left;'><div class=\"full_section_inner clearfix\"><div class=\"wpb_column vc_column_container vc_col-sm-4 vc_hidden-lg vc_hidden-md vc_hidden-sm vc_hidden-xs\"><div class=\"vc_column-inner\"><div class=\"wpb_wrapper\"><div class=\"qode-info-card\">\n\t\t\t<div class=\"qode-info-card-image\" style=\"background-color:#fff\">\n\t\t\t<img decoding=\"async\" src=\"https:\/\/www.fundacionveron.org\/wp-content\/uploads\/2021\/01\/20201204_101322-1-scaled.jpg\" alt=\"\" \/>\n\t\t<\/div>\n\t\t<div class=\"qode-info-card-text-holder\" style=\"background-color:#fff\">\n\t\t\t\t\t<h2 class=\"qode-info-card-title\" >\n\t\t\t\tMarketing Volunteering with MasESIC\t\t\t<\/h2>\n\t\t\t\t\t\t\t<p class=\"qode-info-card-text\" >\n\t\t\t\tPara que m\u00e1s personas puedan conocer lo que hacemos y c\u00f3mo ayudarnos, es necesaria una labor de comunicaci\u00f3n y marketing. Gracias a nuestro acuerdo con la universidad ESIC, antiguos alumnos pueden unirse al equipo. Adem\u00e1s trabajamos con herramientas innovadoras que les permiten aprender y expandir sus conocimientos.\t\t\t<\/p>\n\t\t\t<\/div>\n\t\t\t<div class=\"qode-info-card-link-holder\">\n\t\t\t<a itemprop=\"url\" class=\"qode-qbutton-main-color qode-qbutton-full-width qode-qbutton-square\" href=\"https:\/\/www.fundacionveron.org\/voluntariado-de-marketing-con-masesic\/\" target=\"_self\" ><span>CONOCE EL PROYECTO<\/span><\/a>\n\t\t<\/div>\n\t<\/div><\/div><\/div><\/div><div class=\"wpb_column vc_column_container vc_col-sm-4 vc_hidden-lg vc_hidden-md vc_hidden-sm vc_hidden-xs\"><div class=\"vc_column-inner\"><div class=\"wpb_wrapper\"><div class=\"qode-info-card\">\n\t\t\t<div class=\"qode-info-card-image\" style=\"background-color:#fff\">\n\t\t\t<img decoding=\"async\" src=\"https:\/\/www.fundacionveron.org\/wp-content\/uploads\/2021\/01\/club_de_captadores_fundacion_veron.png\" alt=\"\" \/>\n\t\t<\/div>\n\t\t<div class=\"qode-info-card-text-holder\" style=\"background-color:#fff\">\n\t\t\t\t\t<h2 class=\"qode-info-card-title\" >\n\t\t\t\tRecruiters Club\t\t\t<\/h2>\n\t\t\t\t\t\t\t<p class=\"qode-info-card-text\" >\n\t\t\t\tEstamos seguros de que el mundo est\u00e1 lleno de personas que quieren ayudar a luchar contra la pobreza y que s\u00f3lo hace falta ponerlas en contacto para hacerlo. \u00bfNos ayudas con el match? \u00bfEres una persona con ganas de comunicar nuestros proyectos y traer socios para apoyarnos? Este es tu club. Somos un grupo de j\u00f3venes encargados de buscar posibles socios dando visibilidad a la fundaci\u00f3n. Si no nos conocen, \u00a1no podemos ayudar!\t\t\t<\/p>\n\t\t\t<\/div>\n\t\t\t<div class=\"qode-info-card-link-holder\">\n\t\t\t<a itemprop=\"url\" class=\"qode-qbutton-main-color qode-qbutton-full-width qode-qbutton-square\" href=\"https:\/\/www.fundacionveron.org\/club-de-captadores\/\" target=\"_self\" ><span>\u00daNETE<\/span><\/a>\n\t\t<\/div>\n\t<\/div><\/div><\/div><\/div><div class=\"wpb_column vc_column_container vc_col-sm-4 vc_hidden-lg vc_hidden-md vc_hidden-sm vc_hidden-xs\"><div class=\"vc_column-inner\"><div class=\"wpb_wrapper\"><div class=\"qode-info-card\">\n\t\t\t<div class=\"qode-info-card-image\" style=\"background-color:#fff\">\n\t\t\t<img decoding=\"async\" src=\"https:\/\/www.fundacionveron.org\/wp-content\/uploads\/2021\/01\/club_de_contenido_fundacion_veron.png\" alt=\"\" \/>\n\t\t<\/div>\n\t\t<div class=\"qode-info-card-text-holder\" style=\"background-color:#fff\">\n\t\t\t\t\t<h2 class=\"qode-info-card-title\" >\n\t\t\t\tContent Club\t\t\t<\/h2>\n\t\t\t\t\t\t\t<p class=\"qode-info-card-text\" >\n\t\t\t\t\u00bfTienes habilidades audiovisuales, de dise\u00f1o, edici\u00f3n o escritura que quieres desarrollar y orientar a una causa social? Este es tu club. Un espacio de aprendizaje y desarrollo donde podr\u00e1s utilizar tu talento para ayudarnos con el contenido y comunicaci\u00f3n de nuestros proyectos.\t\t\t<\/p>\n\t\t\t<\/div>\n\t\t\t<div class=\"qode-info-card-link-holder\">\n\t\t\t<a itemprop=\"url\" class=\"qode-qbutton-main-color qode-qbutton-full-width qode-qbutton-square\" href=\"https:\/\/www.fundacionveron.org\/club-de-contenido\/\" target=\"_self\" ><span>\u00daNETE<\/span><\/a>\n\t\t<\/div>\n\t<\/div><\/div><\/div><\/div><\/div><\/div><div      class=\"vc_row wpb_row section vc_row-fluid\" style=' text-align:left;'><div class=\"full_section_inner clearfix\"><div class=\"wpb_column vc_column_container vc_col-sm-12 vc_hidden-lg vc_hidden-md vc_hidden-sm vc_hidden-xs\"><div class=\"vc_column-inner\"><div class=\"wpb_wrapper\">\t<div class=\"vc_empty_space\"  style=\"height: 64px\" ><span\n\t\t\tclass=\"vc_empty_space_inner\">\n\t\t\t<span class=\"empty_space_image\"  ><\/span>\n\t\t<\/span><\/div>\n\n<\/div><\/div><\/div><\/div><\/div><div      class=\"vc_row wpb_row section vc_row-fluid\" style=' text-align:left;'><div class=\"full_section_inner clearfix\"><div class=\"wpb_column vc_column_container vc_col-sm-4\"><div class=\"vc_column-inner\"><div class=\"wpb_wrapper\"><div class=\"q_image_with_text_over q_iwto_hover\"><div class=\"shader\" style = \"background-color: rgba(0,0,0,0.01)\"><\/div><div class=\"shader_hover\" style=\"background-color: #5faaa7\"><\/div><img decoding=\"async\" itemprop=\"image\" src=\"https:\/\/www.fundacionveron.org\/wp-content\/uploads\/2021\/04\/foto-voluntariado-marketing-600.jpg\" alt=\"Voluntariado de Marketing con MasESIC\" \/><div class=\"text\"><table><tr><td><h2 class=\"caption no_icon\" style=\"font-size: 25px;\">Marketing Volunteering with MasESIC<\/h2><\/td><\/tr><\/table><table><tr><td><div class=\"desc\"><\/p>\n<p style=\"text-align: center;\"><a  itemprop=\"url\" href=\"https:\/\/www.fundacionveron.org\/voluntariado-de-marketing-con-masesic\/\" target=\"_self\" data-hover-color=\"#5FAAA7\" class=\"qbutton  medium center white default\" style=\"color: #; font-style: normal; font-weight: 800; margin: 10px; background-color: #ffff;\">LEARN ABOUT THE PROJECT<\/a><\/p>\n<p><\/div><\/td><\/tr><\/table><\/div><\/div><\/div><\/div><\/div><div class=\"wpb_column vc_column_container vc_col-sm-4\"><div class=\"vc_column-inner\"><div class=\"wpb_wrapper\"><div class=\"q_image_with_text_over q_iwto_hover\"><div class=\"shader\" style = \"background-color: rgba(0,0,0,0.01)\"><\/div><div class=\"shader_hover\" style=\"background-color: #5faaa7\"><\/div><img decoding=\"async\" itemprop=\"image\" src=\"https:\/\/www.fundacionveron.org\/wp-content\/uploads\/2021\/04\/foto-club-captadores-600.jpg\" alt=\"Club de captadores\" \/><div class=\"text\"><table><tr><td><h2 class=\"caption no_icon\" style=\"font-size: 25px;\">Recruiters Club<\/h2><\/td><\/tr><\/table><table><tr><td><div class=\"desc\"><\/p>\n<p style=\"text-align: center;\"><a  itemprop=\"url\" href=\"https:\/\/www.fundacionveron.org\/club-de-captadores\/\" target=\"_self\" data-hover-color=\"#5FAAA7\" class=\"qbutton  medium center white default\" style=\"color: #; font-style: normal; font-weight: 800; margin: 10px; background-color: #ffff;\">JOIN<\/a><\/p>\n<p><\/div><\/td><\/tr><\/table><\/div><\/div><\/div><\/div><\/div><div class=\"wpb_column vc_column_container vc_col-sm-4\"><div class=\"vc_column-inner\"><div class=\"wpb_wrapper\"><div class=\"q_image_with_text_over q_iwto_hover\"><div class=\"shader\" style = \"background-color: rgba(0,0,0,0.01)\"><\/div><div class=\"shader_hover\" style=\"background-color: #5faaa7\"><\/div><img decoding=\"async\" itemprop=\"image\" src=\"https:\/\/www.fundacionveron.org\/wp-content\/uploads\/2021\/04\/foto-club-contenido-600.jpg\" alt=\"Club de contenido\" \/><div class=\"text\"><table><tr><td><h2 class=\"caption no_icon\" style=\"font-size: 25px;\">Content Club<\/h2><\/td><\/tr><\/table><table><tr><td><div class=\"desc\"><\/p>\n<p style=\"text-align: center;\"><a  itemprop=\"url\" href=\"https:\/\/www.fundacionveron.org\/club-de-contenido\/\" target=\"_self\" data-hover-color=\"#5FAAA7\" class=\"qbutton  medium center white default\" style=\"color: #; font-style: normal; font-weight: 800; margin: 10px; background-color: #ffff;\">JOIN<\/a><\/p>\n<p><\/div><\/td><\/tr><\/table><\/div><\/div><\/div><\/div><\/div><\/div><\/div><div      class=\"vc_row wpb_row section vc_row-fluid\" style=' text-align:left;'><div class=\"full_section_inner clearfix\"><div class=\"wpb_column vc_column_container vc_col-sm-12\"><div class=\"vc_column-inner\"><div class=\"wpb_wrapper\">\t<div class=\"vc_empty_space\"  style=\"height: 64px\" ><span\n\t\t\tclass=\"vc_empty_space_inner\">\n\t\t\t<span class=\"empty_space_image\"  ><\/span>\n\t\t<\/span><\/div>\n\n<\/div><\/div><\/div><\/div><\/div>\n<\/div>","protected":false},"excerpt":{"rendered":"Comunicaci\u00f3n Voluntariado de Marketing con MasESIC Para que m\u00e1s personas puedan conocer lo que hacemos...","protected":false},"author":13,"featured_media":0,"parent":0,"menu_order":0,"comment_status":"closed","ping_status":"closed","template":"","meta":{"_monsterinsights_skip_tracking":false,"_monsterinsights_sitenote_active":false,"_monsterinsights_sitenote_note":"","_monsterinsights_sitenote_category":0,"_price":"","_stock":"","_tribe_ticket_header":"","_tribe_default_ticket_provider":"","_ticket_start_date":"","_ticket_end_date":"","_tribe_ticket_show_description":"","_tribe_ticket_show_not_going":false,"_tribe_ticket_use_global_stock":"","_tribe_ticket_global_stock_level":"","_global_stock_mode":"","_global_stock_cap":"","_tribe_rsvp_for_event":"","_tribe_ticket_going_count":"","_tribe_ticket_not_going_count":"","_tribe_tickets_list":"[]","_tribe_ticket_has_attendee_info_fields":false,"footnotes":"","_tec_slr_enabled":"","_tec_slr_layout":""},"class_list":["post-2768","page","type-page","status-publish","hentry"],"wpcf_dashboard":"<div class=\"woocommerce\"><div class=\"woocommerce-info\">Please log in first? <a class=\"wpneoShowLogin\" href=\"#\">Click here to login<\/a><\/div><div class=\"wpneo_login_form_div\" style=\"display: none;\"><form name=\"loginform\" id=\"loginform\" action=\"https:\/\/www.fundacionveron.org\/en\/gestion\/\" method=\"post\"><p class=\"login-username\">\n\t\t\t\t<label for=\"user_login\">Username or Email Address<\/label>\n\t\t\t\t<input type=\"text\" name=\"log\" id=\"user_login\" autocomplete=\"username\" class=\"input\" value=\"\" size=\"20\" \/>\n\t\t\t<\/p><p class=\"login-password\">\n\t\t\t\t<label for=\"user_pass\">Password<\/label>\n\t\t\t\t<input type=\"password\" name=\"pwd\" id=\"user_pass\" autocomplete=\"current-password\" spellcheck=\"false\" class=\"input\" value=\"\" size=\"20\" \/>\n\t\t\t<\/p><p class=\"login-remember\"><label><input name=\"rememberme\" type=\"checkbox\" id=\"rememberme\" value=\"forever\" \/> Remember Me<\/label><\/p><p class=\"login-submit\">\n\t\t\t\t<input type=\"submit\" name=\"wp-submit\" id=\"wp-submit\" class=\"button button-primary\" value=\"Log In\" \/>\n\t\t\t\t<input type=\"hidden\" name=\"redirect_to\" value=\"https:\/\/www.fundacionveron.org\/en\/wp-json\/wp\/v2\/pages\/2768\" \/>\n\t\t\t<\/p><\/form><\/div><\/div>","ticketed":false,"_links":{"self":[{"href":"https:\/\/www.fundacionveron.org\/en\/wp-json\/wp\/v2\/pages\/2768","targetHints":{"allow":["GET"]}}],"collection":[{"href":"https:\/\/www.fundacionveron.org\/en\/wp-json\/wp\/v2\/pages"}],"about":[{"href":"https:\/\/www.fundacionveron.org\/en\/wp-json\/wp\/v2\/types\/page"}],"author":[{"embeddable":true,"href":"https:\/\/www.fundacionveron.org\/en\/wp-json\/wp\/v2\/users\/13"}],"replies":[{"embeddable":true,"href":"https:\/\/www.fundacionveron.org\/en\/wp-json\/wp\/v2\/comments?post=2768"}],"version-history":[{"count":0,"href":"https:\/\/www.fundacionveron.org\/en\/wp-json\/wp\/v2\/pages\/2768\/revisions"}],"wp:attachment":[{"href":"https:\/\/www.fundacionveron.org\/en\/wp-json\/wp\/v2\/media?parent=2768"}],"curies":[{"name":"wp","href":"https:\/\/api.w.org\/{rel}","templated":true}]}}